{"id":955,"date":"2019-05-09T17:19:18","date_gmt":"2019-05-09T15:19:18","guid":{"rendered":"https:\/\/mensandbeauty.com\/tienda\/?post_type=product&#038;p=955"},"modified":"2021-08-03T09:15:25","modified_gmt":"2021-08-03T07:15:25","slug":"jabon-hombre-cara-pelo-cuerpo-all-over-wash-jack-black","status":"publish","type":"product","link":"https:\/\/mensandbeauty.com\/tienda\/jabon-hombre-cara-pelo-cuerpo-all-over-wash-jack-black\/","title":{"rendered":"Jab\u00f3n para Hombre \u00ab3 en 1\u00bb de Cara, Pelo y Cuerpo\u3010Jack Black\u3011"},"content":{"rendered":"<h2>Jab\u00f3n de Cara, Pelo y Cuerpo de Black Jack<\/h2>\n<p>Con All-Over Wash de Jack Black dispones de una f\u00f3rmula multitarea para limpiar tu rostro, cuerpo y cabello en 1 simple paso. Consigue eliminar la suciedad, el exceso de grasa y las impurezas, sin llegar a enrojecer o deshidratar ning\u00fan tipo de piel ni resecar el cabello. Gracias a sus productos naturales, se consigue un aroma freso muy agradable al mismo tiempo que sientes una limpieza completa del pH de la piel que suaviza cara, cuerpo y cabello. Consigue espuma abundante y enjabonate por todos los sitios visibles del cuerpo hasta acabar con la suciedad y el sudor sin quitarle a la piel la humedad, necesaria para mantener un aspecto saludable.<\/p>\n<h3>\u00bfC\u00f3mo se usa?<\/h3>\n<p>Para su utilizaci\u00f3n es aconsejable el uso de una esponja o toallita para conseguir la m\u00e1xima espuma. Enjabonar generosamente en todo el cuerpo, cara y cabello y enjuagar con agua abundante.<\/p>\n<h3>\u00bfQu\u00e9 se siente cuando te lo aplicas?<\/h3>\n<p>Sentir\u00e1s una sensaci\u00f3n de hidrataci\u00f3n y suavidad que ir\u00e1 de la cabeza a los pies.<\/p>\n<h3>\u00bfPor qu\u00e9 comprarlo?<\/h3>\n<p>Este producto est\u00e1 formulado especialmente para las necesidades de la piel de los hombres. A trav\u00e9s de los ingredientes naturales se obtiene un aroma fresco. Conseguir\u00e1s una piel y un cabello humedecidos e hidratados, adem\u00e1s de una limpieza suave y efectiva sin sulfatos. Por otro lado, te proporciona nutrientes y cuenta con propiedades antiinflamatorias. Contiene \u00e1cidos grasos, esenciales para hidratar la piel y el cabello secos.<\/p>\n<h3>Contenido<\/h3>\n<p>295 ml.<\/p>\n","protected":false},"excerpt":{"rendered":"<p>\u00bfBuscas un buen <a href=\"https:\/\/mensandbeauty.com\/tienda\/champus-pelo-hombre\" target=\"_blank\" rel=\"noopener noreferrer\">champ\u00fa de pelo para hombre<\/a> que sirva para m\u00e1s cosas? El jab\u00f3n<strong> All-Over Wash for Face, Hair and Body<\/strong> de <a href=\"https:\/\/mensandbeauty.com\/tienda\/jack-black-cosmetics\" target=\"_blank\" rel=\"noopener noreferrer\">Jack Black<\/a> es uno de los mejores productos para hombres. Consigue un <strong>lavado multifunci\u00f3n para cuerpo, cara y cabello con un \u00fanico producto<\/strong>. Retira el sudor y la suciedad sin eliminar los aceites naturales que mantienen la piel y el cabello saludables. En definitiva, una piel nutrida, suave e hidratada durante m\u00e1s tiempo. Adem\u00e1s, es un producto para hombre perfecto para llevarte de viaje, ya que con un solo tubo,<strong> cubrir\u00e1s tres necesidades diferentes<\/strong>\u00a0(tambi\u00e9n ahorrar\u00e1s tiempo en la ducha, enjab\u00f3nate entero con un mismo producto, sin estar cambiando entre geles y champ\u00fas).<\/p>\n<p>\u2705 Lavado <strong>multiusos<\/strong>.<\/p>\n<p>\u2705 No contiene <strong>sulfato<\/strong>.<\/p>\n<p>\u2705 Ingredientes <strong>naturales<\/strong>.<\/p>\n<p>\u2705 Limpieza e <strong>hidrataci\u00f3n total de la piel<\/strong>.<\/p>\n","protected":false},"featured_media":960,"comment_status":"open","ping_status":"closed","template":"","meta":[],"product_brand":[],"product_cat":[611,103,612],"product_tag":[780],"class_list":{"0":"post-955","1":"product","2":"type-product","3":"status-publish","4":"has-post-thumbnail","6":"product_cat-limpiadores-faciales-hombre","7":"product_cat-champus-pelo-hombre","8":"product_cat-geles-ducha-hombre","9":"product_tag-jack-black","11":"first","12":"outofstock","13":"featured","14":"taxable","15":"shipping-taxable","16":"purchasable","17":"product-type-simple"},"jetpack_likes_enabled":true,"jetpack_sharing_enabled":true,"_links":{"self":[{"href":"https:\/\/mensandbeauty.com\/tienda\/wp-json\/wp\/v2\/product\/955","targetHints":{"allow":["GET"]}}],"collection":[{"href":"https:\/\/mensandbeauty.com\/tienda\/wp-json\/wp\/v2\/product"}],"about":[{"href":"https:\/\/mensandbeauty.com\/tienda\/wp-json\/wp\/v2\/types\/product"}],"replies":[{"embeddable":true,"href":"https:\/\/mensandbeauty.com\/tienda\/wp-json\/wp\/v2\/comments?post=955"}],"wp:featuredmedia":[{"embeddable":true,"href":"https:\/\/mensandbeauty.com\/tienda\/wp-json\/wp\/v2\/media\/960"}],"wp:attachment":[{"href":"https:\/\/mensandbeauty.com\/tienda\/wp-json\/wp\/v2\/media?parent=955"}],"wp:term":[{"taxonomy":"product_brand","embeddable":true,"href":"https:\/\/mensandbeauty.com\/tienda\/wp-json\/wp\/v2\/product_brand?post=955"},{"taxonomy":"product_cat","embeddable":true,"href":"https:\/\/mensandbeauty.com\/tienda\/wp-json\/wp\/v2\/product_cat?post=955"},{"taxonomy":"product_tag","embeddable":true,"href":"https:\/\/mensandbeauty.com\/tienda\/wp-json\/wp\/v2\/product_tag?post=955"}],"curies":[{"name":"wp","href":"https:\/\/api.w.org\/{rel}","templated":true}]}}