{"id":947,"date":"2019-05-12T19:22:15","date_gmt":"2019-05-12T17:22:15","guid":{"rendered":"https:\/\/mensandbeauty.com\/tienda\/?post_type=product&#038;p=947"},"modified":"2019-06-11T22:41:06","modified_gmt":"2019-06-11T20:41:06","slug":"limpiador-facial-mascarilla-hombre-deep-dive-jack-black","status":"publish","type":"product","link":"https:\/\/mensandbeauty.com\/tienda\/limpiador-facial-mascarilla-hombre-deep-dive-jack-black\/","title":{"rendered":"Limpiador Facial y Mascarilla \u00ab2 en 1\u00bb para Hombre\u3010Jack Black\u3011"},"content":{"rendered":"<h2>Limpiador Facial y Mascarilla \u00ab2 en 1\u00bb para Hombre de Jack Black<\/h2>\n<p>Disfruta del<strong> Deep Dive Glycolic Facial Cleanser<\/strong>, un<strong> limpiador y mascarilla facial para hombre \u00ab2 en 1\u00bb<\/strong> que limpia y exfolia la cara profunda y suavemente, mientras calma y limpia intensamente la piel. Cuenta con arcilla de caol\u00edn y cenizas volc\u00e1nicas.<\/p>\n<h3>\u00bfC\u00f3mo se usa?<\/h3>\n<p>Es aconsejable utilizar este limpiador aplic\u00e1ndolo una vez por la ma\u00f1ana y otra por la tarde. Para su uso debe frotarse hasta conseguir una espuma cremosa y masajear en el rostro mediante movimientos circulares y posteriormente aclarar con agua abundante. Para una limpieza m\u00e1s profunda, utilizar este limpiador a modo de mascarilla purificante. Evitar la zona del contorno de ojos y los labios.<\/p>\n<h3>\u00bfQu\u00e9 se siente cuando te lo aplicas?<\/h3>\n<p>Notar\u00e1s la piel lisa y tersa gracias al efecto de caol\u00edn, que elimina completamente la grasa de la piel.<\/p>\n<h3>\u00bfPor qu\u00e9 comprarlo?<\/h3>\n<p>Gracias a los m\u00faltiples ingredientes naturales con los que cuenta, este limpiador y mascarilla 2 en 1 de Black Jack cuenta con un ligero y agradable aroma procedente de estos componentes, mientras que tambi\u00e9n est\u00e1 libre de alcohol, parabenos, colorantes y sulfatos. Gracias a su contenido en \u00e1cido glic\u00f3lico, que procede de la ca\u00f1a de az\u00facar y lo recomiendan muchos dermat\u00f3logos como componente estrella, el producto lucha contra el acn\u00e9 y el envejecimiento.<\/p>\n<h3>Contenido<\/h3>\n<p>147 ml.<\/p>\n","protected":false},"excerpt":{"rendered":"<p>\u00bfSientes la piel un poco envejecida? \u00bfQuieres darle m\u00e1s <strong>vitalidad a tu rostro<\/strong>? Este <a href=\"https:\/\/mensandbeauty.com\/tienda\/limpiadores-faciales-hombre\" target=\"_blank\" rel=\"noopener noreferrer\">limpiador facial para hombre<\/a> de <a href=\"https:\/\/mensandbeauty.com\/tienda\/jack-black-cosmetics\" target=\"_blank\" rel=\"noopener noreferrer\">Jack Black<\/a>, purifica, limpia y exfolia la piel profundamente, eliminando los poros obstruidos y aportando luminosidad a las pieles apagadas. Cuenta con una <strong>f\u00f3rmula multi-funcional<\/strong>, para que lo utilices como <strong>limpiador<\/strong> con agua o como <strong>mascarilla<\/strong> si lo aplicas en seco. Limpia y exfolia la piel en profundidad, luciendo una piel m\u00e1s fresca, limpia y tersa. El \u00e1cido glic\u00f3lico deja la piel suave y rejuvenecida desde la primera vez que se usa. Cuenta con una combinaci\u00f3n \u00fanica de vitaminas y extractos de plantas, reduciendo los poros abiertos y las imperfecciones de la piel.<\/p>\n<p>\u2705 Acci\u00f3n \u00ab2 en 1\u00bb, <strong>limpiador y mascarilla<\/strong>.<\/p>\n<p>\u2705 Libre de <strong>alcohol, parabenos, colorantes y sulfatos<\/strong>.<\/p>\n<p>\u2705 Ingredientes 100% <strong>naturales<\/strong>.<\/p>\n<p>\u2705 Lucha contra el <strong>acn\u00e9<\/strong> y el <strong>envejecimiento<\/strong>.<\/p>\n","protected":false},"featured_media":1013,"comment_status":"open","ping_status":"closed","template":"","meta":[],"product_brand":[],"product_cat":[611],"product_tag":[780],"class_list":{"0":"post-947","1":"product","2":"type-product","3":"status-publish","4":"has-post-thumbnail","6":"product_cat-limpiadores-faciales-hombre","7":"product_tag-jack-black","9":"first","10":"outofstock","11":"featured","12":"taxable","13":"shipping-taxable","14":"purchasable","15":"product-type-simple"},"jetpack_likes_enabled":true,"jetpack_sharing_enabled":true,"_links":{"self":[{"href":"https:\/\/mensandbeauty.com\/tienda\/wp-json\/wp\/v2\/product\/947","targetHints":{"allow":["GET"]}}],"collection":[{"href":"https:\/\/mensandbeauty.com\/tienda\/wp-json\/wp\/v2\/product"}],"about":[{"href":"https:\/\/mensandbeauty.com\/tienda\/wp-json\/wp\/v2\/types\/product"}],"replies":[{"embeddable":true,"href":"https:\/\/mensandbeauty.com\/tienda\/wp-json\/wp\/v2\/comments?post=947"}],"wp:featuredmedia":[{"embeddable":true,"href":"https:\/\/mensandbeauty.com\/tienda\/wp-json\/wp\/v2\/media\/1013"}],"wp:attachment":[{"href":"https:\/\/mensandbeauty.com\/tienda\/wp-json\/wp\/v2\/media?parent=947"}],"wp:term":[{"taxonomy":"product_brand","embeddable":true,"href":"https:\/\/mensandbeauty.com\/tienda\/wp-json\/wp\/v2\/product_brand?post=947"},{"taxonomy":"product_cat","embeddable":true,"href":"https:\/\/mensandbeauty.com\/tienda\/wp-json\/wp\/v2\/product_cat?post=947"},{"taxonomy":"product_tag","embeddable":true,"href":"https:\/\/mensandbeauty.com\/tienda\/wp-json\/wp\/v2\/product_tag?post=947"}],"curies":[{"name":"wp","href":"https:\/\/api.w.org\/{rel}","templated":true}]}}