{"id":891,"date":"2019-05-08T12:03:07","date_gmt":"2019-05-08T10:03:07","guid":{"rendered":"https:\/\/mensandbeauty.com\/tienda\/?post_type=product&#038;p=891"},"modified":"2019-06-11T22:43:26","modified_gmt":"2019-06-11T20:43:26","slug":"rutina-belleza-hombre","status":"publish","type":"product","link":"https:\/\/mensandbeauty.com\/tienda\/rutina-belleza-hombre\/","title":{"rendered":"Rutinator, Ebook de Rutina de Belleza \u00abTotal\u00bb para Hombre"},"content":{"rendered":"<p>Seguro que has escuchado m\u00e1s de una vez \u201cUn poco de agua y jab\u00f3n y listo\u201d, pero esto no es as\u00ed y, aunque lo hagas todos los d\u00edas, probablemente tu piel no estar\u00e1 nunca limpia ni sana. \u00a1Queremos que aprendas a cuidarte! En este libro electr\u00f3nico te contamos nuestra experiencia en el mundo de la belleza masculina y compartimos contigo una<strong> completa rutina de belleza para hombre de todo el cuerpo<\/strong>, incluyendo <strong>cutis, cuello, manos, pecho, espalda, piernas y pies<\/strong>.<\/p>\n","protected":false},"excerpt":{"rendered":"<p>\u00bfRealizas alg\u00fan tipo de<strong> ritual de belleza en tu piel<\/strong>? \u00bfSabes que hay que limpiar, exfoliar, tonificar e hidratar con frecuencia <strong>la piel de cara y cuerpo<\/strong>? Muchos hombres piensan que su \u00abrutina de belleza\u201d es algo que va desde el cuello hacia arriba (lo que m\u00e1s se ve) y <strong>se olvidan por completo del resto del cuerpo<\/strong>. Piensa que tu cuerpo tiene que durarte toda la vida y, por ello, hay que dar prioridad al <b>cuidado de tu piel facial y corporal <\/b>(adem\u00e1s de tu salud interior). En el libro electr\u00f3nico \u00ab<strong>Rutinator<\/strong>\u00ab, te contamos nuestra experiencia en el mundo de la belleza masculina y compartimos contigo una<strong> completa rutina de belleza de hombre para todo el cuerpo<\/strong>, incluyendo <strong>cutis, cuello, manos, pecho, espalda, piernas y pies<\/strong>. Aprender\u00e1s a:<\/p>\n<p>\u2705 Identificar tu<strong> tipo de piel<\/strong> (normal, seca, sensible, grasa o mixta).<\/p>\n<p>\u2705 Comprar <strong>productos de belleza espec\u00edficos para hombre<\/strong> (y tu tipo de piel).<\/p>\n<p>\u2705 Realizar una <strong>rutina de belleza correcta<\/strong> de todo el cuerpo.<\/p>\n<p>\u2705 Cuida tu piel facial y corporal para que est\u00e9 <strong>brillante y sana<\/strong>.<\/p>\n","protected":false},"featured_media":1051,"comment_status":"open","ping_status":"closed","template":"","meta":[],"product_brand":[],"product_cat":[100],"product_tag":[],"class_list":{"0":"post-891","1":"product","2":"type-product","3":"status-publish","4":"has-post-thumbnail","6":"product_cat-ebooks-belleza-hombre","8":"first","9":"outofstock","10":"sale","11":"featured","12":"downloadable","13":"virtual","14":"taxable","15":"purchasable","16":"product-type-simple"},"jetpack_likes_enabled":true,"jetpack_sharing_enabled":true,"_links":{"self":[{"href":"https:\/\/mensandbeauty.com\/tienda\/wp-json\/wp\/v2\/product\/891","targetHints":{"allow":["GET"]}}],"collection":[{"href":"https:\/\/mensandbeauty.com\/tienda\/wp-json\/wp\/v2\/product"}],"about":[{"href":"https:\/\/mensandbeauty.com\/tienda\/wp-json\/wp\/v2\/types\/product"}],"replies":[{"embeddable":true,"href":"https:\/\/mensandbeauty.com\/tienda\/wp-json\/wp\/v2\/comments?post=891"}],"wp:featuredmedia":[{"embeddable":true,"href":"https:\/\/mensandbeauty.com\/tienda\/wp-json\/wp\/v2\/media\/1051"}],"wp:attachment":[{"href":"https:\/\/mensandbeauty.com\/tienda\/wp-json\/wp\/v2\/media?parent=891"}],"wp:term":[{"taxonomy":"product_brand","embeddable":true,"href":"https:\/\/mensandbeauty.com\/tienda\/wp-json\/wp\/v2\/product_brand?post=891"},{"taxonomy":"product_cat","embeddable":true,"href":"https:\/\/mensandbeauty.com\/tienda\/wp-json\/wp\/v2\/product_cat?post=891"},{"taxonomy":"product_tag","embeddable":true,"href":"https:\/\/mensandbeauty.com\/tienda\/wp-json\/wp\/v2\/product_tag?post=891"}],"curies":[{"name":"wp","href":"https:\/\/api.w.org\/{rel}","templated":true}]}}