{"id":8303,"date":"2019-10-18T08:05:59","date_gmt":"2019-10-18T06:05:59","guid":{"rendered":"https:\/\/mensandbeauty.com\/tienda\/?post_type=product&#038;p=8303"},"modified":"2024-12-09T14:26:23","modified_gmt":"2024-12-09T13:26:23","slug":"lubricante-intimo-natural-myhixel","status":"publish","type":"product","link":"https:\/\/mensandbeauty.com\/tienda\/lubricante-intimo-natural-myhixel\/","title":{"rendered":"Lubricante \u00cdntimo Natural con Fitoplancton\u3010MYHIXEL\u3011"},"content":{"rendered":"<h2>Lubricante \u00cdntimo Natural con Fitoplancton de MYHIXEL<\/h2>\n<p>Toda la esencia de MYHIXEL en un lubricante natural con base de agua, sin colorantes y con un aroma fresco. Especialmente dise\u00f1ado para lubricar tu dispositivo MYHIXEL I y obtener una sensaci\u00f3n realista de penetraci\u00f3n muy placentera.\u00a0Contiene fitoplancton, un poderoso compuesto a base de microalgas con beneficios demostrados para la salud de la piel de tus zonas m\u00e1s \u00edntimas. Su acci\u00f3n antioxidante protege y proporciona elasticidad ayudando en la prevenci\u00f3n del envejecimiento de la piel y mejorando y rejuveneciendo su aspecto.<\/p>\n<p>As\u00ed, su aplicaci\u00f3n no solo mejora la experiencia de uso de tu MYHIXEL sino que contribuye al cuidado de tu piel. Su extracto de papaya aporta vitamina A y vitamina C que aportan un extra de protecci\u00f3n, hidrataci\u00f3n y revitalizaci\u00f3n para tu piel y un refrescante aroma c\u00edtrico. Su base al agua respeta el pH de tu piel, no irrita tus zonas m\u00e1s sensibles y no deteriora el interior de tu MYHIXEL I.<\/p>\n<h3>Contenido<\/h3>\n<p>\u2705 50 ml.<\/p>\n","protected":false},"excerpt":{"rendered":"<p>\u00bfHas comprado o vas a comprar el <a href=\"https:\/\/mensandbeauty.com\/tienda\/masturbador-masculino-myhixel-med-tr\" target=\"_blank\" rel=\"noopener noreferrer\">masturbador masculino MYHIXEL<\/a> y est\u00e1s buscando un lubricante para sacarle mayor provecho? Aunque el <b>dispositivo MYHIXEL I<\/b> est\u00e1 dise\u00f1ado para <b>utilizarse sin lubricante<\/b>, a\u00f1adirlo hace que la experiencia sea mucho m\u00e1s placentera (y r\u00e1pida).<\/p>\n<p>\u2705 Lubricante con<strong> base al agua<\/strong> respeta el pH de tu piel.<\/p>\n<p>\u2705 No irrita tus <strong>zonas m\u00e1s sensibles<\/strong> y no deteriora el interior de tu MYHIXEL I.<\/p>\n<p>\u2705 Contiene <strong>fitoplancton<\/strong>, con beneficios demostrados para la salud de la piel de tus zonas m\u00e1s \u00edntimas.<\/p>\n","protected":false},"featured_media":8311,"comment_status":"open","ping_status":"closed","template":"","meta":[],"product_brand":[],"product_cat":[1654],"product_tag":[2008],"class_list":{"0":"post-8303","1":"product","2":"type-product","3":"status-publish","4":"has-post-thumbnail","6":"product_cat-lubricantes-intimos","7":"product_tag-myhixel","9":"first","10":"instock","11":"taxable","12":"shipping-taxable","13":"purchasable","14":"product-type-variable"},"jetpack_likes_enabled":true,"jetpack_sharing_enabled":true,"_links":{"self":[{"href":"https:\/\/mensandbeauty.com\/tienda\/wp-json\/wp\/v2\/product\/8303","targetHints":{"allow":["GET"]}}],"collection":[{"href":"https:\/\/mensandbeauty.com\/tienda\/wp-json\/wp\/v2\/product"}],"about":[{"href":"https:\/\/mensandbeauty.com\/tienda\/wp-json\/wp\/v2\/types\/product"}],"replies":[{"embeddable":true,"href":"https:\/\/mensandbeauty.com\/tienda\/wp-json\/wp\/v2\/comments?post=8303"}],"wp:featuredmedia":[{"embeddable":true,"href":"https:\/\/mensandbeauty.com\/tienda\/wp-json\/wp\/v2\/media\/8311"}],"wp:attachment":[{"href":"https:\/\/mensandbeauty.com\/tienda\/wp-json\/wp\/v2\/media?parent=8303"}],"wp:term":[{"taxonomy":"product_brand","embeddable":true,"href":"https:\/\/mensandbeauty.com\/tienda\/wp-json\/wp\/v2\/product_brand?post=8303"},{"taxonomy":"product_cat","embeddable":true,"href":"https:\/\/mensandbeauty.com\/tienda\/wp-json\/wp\/v2\/product_cat?post=8303"},{"taxonomy":"product_tag","embeddable":true,"href":"https:\/\/mensandbeauty.com\/tienda\/wp-json\/wp\/v2\/product_tag?post=8303"}],"curies":[{"name":"wp","href":"https:\/\/api.w.org\/{rel}","templated":true}]}}