{"id":8297,"date":"2019-10-18T08:05:26","date_gmt":"2019-10-18T06:05:26","guid":{"rendered":"https:\/\/mensandbeauty.com\/tienda\/?post_type=product&#038;p=8297"},"modified":"2020-03-26T19:20:43","modified_gmt":"2020-03-26T18:20:43","slug":"accesorio-sujeccion-manos-libres-myhixel","status":"publish","type":"product","link":"https:\/\/mensandbeauty.com\/tienda\/accesorio-sujeccion-manos-libres-myhixel\/","title":{"rendered":"Accesorio de Sujecci\u00f3n \u00abManos LIBRES\u00bb\u3010MYHIXEL\u3011"},"content":{"rendered":"<h2>Accesorio de Sujecci\u00f3n \u00abManos Libres\u00bb de MYHIXEL<\/h2>\n<p>Este <strong>accesorio ajustable con succi\u00f3n<\/strong> te permite fijar tu dispositivo MYHIXEL I de forma segura <strong>a una superficie lisa<\/strong>. Se trata del complemento perfecto que te har\u00e1 disfrutar de una experiencia m\u00e1s placentera y realista, ya que ha sido dise\u00f1ado espec\u00edficamente para que p<strong>uedas replicar los movimientos y sensaciones de una relaci\u00f3n sexual<\/strong>. Este accesorio te permite fijar de manera c\u00f3moda, r\u00e1pida y sencilla, sin riesgos de ca\u00eddas, tu dispositivo en una superficie lisa. El objetivo es que puedas<strong> usar tus manos para lo que quieras y c\u00f3mo quieras<\/strong>, ya que te permite simular a\u00fan m\u00e1s una penetraci\u00f3n real y dar a tus manos libertad de movimientos mientras realizas tu programa. Para que sientas m\u00e1s y disfrutes de una forma m\u00e1s completa.<\/p>\n<h3>Contenido<\/h3>\n<p>\u2705 <strong>Accesorio<\/strong> de sujecci\u00f3n \u00abmanos libres\u00bb.<\/p>\n","protected":false},"excerpt":{"rendered":"<p>\u00bfHas comprado o vas a comprar el <a href=\"https:\/\/mensandbeauty.com\/tienda\/masturbador-masculino-myhixel-med-tr\" target=\"_blank\" rel=\"noopener noreferrer\">masturbador masculino MYHIXEL<\/a> y est\u00e1s buscando c\u00f3mo sujetarlo en alg\u00fan sitio? ? Te presentamos el <strong>accesorio de sujecci\u00f3n<\/strong> \u00abManos Libres\u00bb de MYHIXEL, con el que podr\u00e1s<strong> fijar tu dispositivo MYHIXEL I de forma segura a una superficie lisa<\/strong>, un complemento perfecto que te permitir\u00e1 disfrutar, a\u00fan m\u00e1s, de una experiencia m\u00e1s placentera y realista (sin manos).<\/p>\n<p>\u2705 <strong>Accesorio indispensable<\/strong> si quieres subir de nivel la experiencia con el dispositivo de MYHIXEL.<\/p>\n<p>\u2705 Muy <strong>f\u00e1cil de utilizar y de colocar<\/strong> en cualquier superficie lisa.<\/p>\n<p>\u2705 Fabricado el <strong>pl\u00e1stico ABS<\/strong> de alta calidad.<\/p>\n","protected":false},"featured_media":8312,"comment_status":"open","ping_status":"closed","template":"","meta":[],"product_brand":[],"product_cat":[1878],"product_tag":[2008],"class_list":{"0":"post-8297","1":"product","2":"type-product","3":"status-publish","4":"has-post-thumbnail","6":"product_cat-accesorios-sexuales-hombre","7":"product_tag-myhixel","9":"first","10":"instock","11":"taxable","12":"shipping-taxable","13":"purchasable","14":"product-type-simple"},"jetpack_likes_enabled":true,"jetpack_sharing_enabled":true,"_links":{"self":[{"href":"https:\/\/mensandbeauty.com\/tienda\/wp-json\/wp\/v2\/product\/8297","targetHints":{"allow":["GET"]}}],"collection":[{"href":"https:\/\/mensandbeauty.com\/tienda\/wp-json\/wp\/v2\/product"}],"about":[{"href":"https:\/\/mensandbeauty.com\/tienda\/wp-json\/wp\/v2\/types\/product"}],"replies":[{"embeddable":true,"href":"https:\/\/mensandbeauty.com\/tienda\/wp-json\/wp\/v2\/comments?post=8297"}],"wp:featuredmedia":[{"embeddable":true,"href":"https:\/\/mensandbeauty.com\/tienda\/wp-json\/wp\/v2\/media\/8312"}],"wp:attachment":[{"href":"https:\/\/mensandbeauty.com\/tienda\/wp-json\/wp\/v2\/media?parent=8297"}],"wp:term":[{"taxonomy":"product_brand","embeddable":true,"href":"https:\/\/mensandbeauty.com\/tienda\/wp-json\/wp\/v2\/product_brand?post=8297"},{"taxonomy":"product_cat","embeddable":true,"href":"https:\/\/mensandbeauty.com\/tienda\/wp-json\/wp\/v2\/product_cat?post=8297"},{"taxonomy":"product_tag","embeddable":true,"href":"https:\/\/mensandbeauty.com\/tienda\/wp-json\/wp\/v2\/product_tag?post=8297"}],"curies":[{"name":"wp","href":"https:\/\/api.w.org\/{rel}","templated":true}]}}