{"id":7827,"date":"2019-10-09T13:43:48","date_gmt":"2019-10-09T11:43:48","guid":{"rendered":"https:\/\/mensandbeauty.com\/tienda\/?post_type=product&#038;p=7827"},"modified":"2023-11-02T17:28:12","modified_gmt":"2023-11-02T16:28:12","slug":"kit-afeitado-hombre-shave-barbers-spa","status":"publish","type":"product","link":"https:\/\/mensandbeauty.com\/tienda\/kit-afeitado-hombre-shave-barbers-spa\/","title":{"rendered":"Kit de Afeitado para Hombre Con 1 Maquinilla y 4 Cuchillas\u3010SHAVE Barbers Spa\u3011"},"content":{"rendered":"<h2>Kit de Afeitado para Hombre de SHAVE Barbers &amp; Spa<\/h2>\n<p>Con este <strong>kit de afeitado para hombre<\/strong> de SHAVE vivir\u00e1s una experiencia cada vez que te sit\u00faes frente al espejo. Tu <strong>maquinilla de afeitar<\/strong> SHAVE pasar\u00e1 a ser el mejor aliado cada ma\u00f1ana ya que est\u00e1 fabricada con aleaci\u00f3n de zinc y te asegura poder disfrutar de su uso durante much\u00edsimo tiempo (si se te cae, solo tendr\u00e1s que preocuparte de recogerla). Adem\u00e1s, su dise\u00f1o est\u00e1 pensado para<strong> facilitar el rasurado con la m\u00e1xima precisi\u00f3n posible <\/strong>(tambi\u00e9n te ser\u00e1 de utilidad en los retoques de perilla o bigote). Adem\u00e1s, tendr\u00e1s de una misma vez ni m\u00e1s ni menos que <strong>4 recambios de cuchillas de afeitar<\/strong> de pl\u00e1stico y acero que incorporan una banda lubricante con extracto de aloe y vitamina E para lograr que la cuchilla resbale con facilidad y sutileza por tu piel.<\/p>\n<h3>\u00bfC\u00f3mo se usa?<\/h3>\n<p>Sabemos lo importante que es para ti el cuidado de tu piel, y por ello es necesario seguir unas<strong> instrucciones b\u00e1sicas a la hora de afeitarse<\/strong>:<\/p>\n<p>\u2705 Prepara tu Kit de afeitado para hombre de SHAVE<\/p>\n<p>\u2705 Separa el protector de la cuchilla de la misma, y ensamblaba con cuidado de no cortarte en el cabezal<\/p>\n<p>\u00bfHas visto? No te ha llevado ni 10 segundos. A continuaci\u00f3n, humed\u00e9cete el rostro y aplica la <a href=\"https:\/\/mensandbeauty.com\/tienda\/crema-afeitar-hombre-shave-barbers-spa\" target=\"_blank\" rel=\"noopener noreferrer\">crema de afeitar SHAVE Barber &amp; Spa<\/a> (con la <a href=\"https:\/\/mensandbeauty.com\/tienda\/brocha-afeitar-hombre-shave-barbers-spa\" target=\"_blank\" rel=\"noopener noreferrer\">brocha<\/a>, si lo prefieres) en las zonas por las que vayas a deslizar la cuchilla. Mide con precisi\u00f3n qu\u00e9 zonas quieres recortar y \u00a1manos a la obra! Recuerda <strong>deslizar la cuchilla a contrasentido del nacimiento del pelo<\/strong>. Cuando termines, tan solo tendr\u00e1s que enjuagar la cuchilla, insertarla en el protector de pl\u00e1stico y guardarla en la caja con cierre de im\u00e1n.<\/p>\n<h3>\u00bfPor qu\u00e9 comprarlo?<\/h3>\n<p>La barba podr\u00e1 ser m\u00e1s o menos tendencia, pero todos sabemos lo inc\u00f3modo que es notar crecer esos pelitos que tan mal aspecto dan y que tanto pinchan. Los besos con barba no son lo mismo \u00a1y lo sabes! Tu cuidado facial est\u00e1 a buen recaudo con SHAVE. Este <strong>kit de afeitado para hombre<\/strong> pensado desde la sencillez, la comodidad y la distinci\u00f3n har\u00e1 que luzcas el afeitado m\u00e1s envidiable con muy poco esfuerzo y sin irritarte la piel. Y si tienes pensado viajar, \u00a1mejor que mejor! Lleva tu estuche contigo, ni pesa ni ocupa espacio.<\/p>\n<h3>Contenido<\/h3>\n<p>\u2705 1 maquinilla en aleaci\u00f3n de zinc plateado, rojo plateado o negro plateado.<br \/>\n\u2705 4 cuchillas de larga duraci\u00f3n de pl\u00e1stico y acero.<\/p>\n","protected":false},"excerpt":{"rendered":"<p>\u00bfEres de los que no sale de casa notando el <strong>picor de la barba<\/strong>? \u00bfTe gusta sentir el rostro <strong>sin vello facial<\/strong>? Que no te enga\u00f1en, presumir de un afeitado impecable ya est\u00e1 al alcance de todo el mundo gracias al <strong>kit de afeitado para hombre de SHAVE<\/strong>. Rasurado tradicional, barba espesa, bigote y perilla \u00a1No importa lo que quieras afeitar! Con este <strong>pack de maquinilla de afeitar, cuchilla y recambios el afeitado<\/strong> dejar\u00e1 de ser un h\u00e1bito rutinario para convertirse en un arte del que disfrutar cada ma\u00f1ana.<\/p>\n<p>\u2705 Maquinilla de afeitar disponible<strong> 3 colores<\/strong> (negro perlado, gris metalizado y rojo plateado).<\/p>\n<p>\u2705 <b>4 cuchillas de <\/b><span style=\"font-size: 14.4px;\"><b>afeitar<\/b><\/span><b> <\/b>en acero inoxidable de origen sueco.<\/p>\n<p>\u2705 Dise\u00f1o elegante, pr\u00e1ctico y sofisticado, con <strong>mango de aleaci\u00f3n de zinc<\/strong>.<\/p>\n<p>\u2705 Mecanismo para acoplar la cuchilla en <strong>un simple click<\/strong>.<\/p>\n","protected":false},"featured_media":7856,"comment_status":"open","ping_status":"closed","template":"","meta":[],"product_brand":[],"product_cat":[1807],"product_tag":[996],"class_list":{"0":"post-7827","1":"product","2":"type-product","3":"status-publish","4":"has-post-thumbnail","6":"product_cat-kits-afeitado-hombre","7":"product_tag-shave-barbers-spa-2","9":"first","10":"outofstock","11":"taxable","12":"shipping-taxable","13":"purchasable","14":"product-type-variable"},"jetpack_likes_enabled":true,"jetpack_sharing_enabled":true,"_links":{"self":[{"href":"https:\/\/mensandbeauty.com\/tienda\/wp-json\/wp\/v2\/product\/7827","targetHints":{"allow":["GET"]}}],"collection":[{"href":"https:\/\/mensandbeauty.com\/tienda\/wp-json\/wp\/v2\/product"}],"about":[{"href":"https:\/\/mensandbeauty.com\/tienda\/wp-json\/wp\/v2\/types\/product"}],"replies":[{"embeddable":true,"href":"https:\/\/mensandbeauty.com\/tienda\/wp-json\/wp\/v2\/comments?post=7827"}],"wp:featuredmedia":[{"embeddable":true,"href":"https:\/\/mensandbeauty.com\/tienda\/wp-json\/wp\/v2\/media\/7856"}],"wp:attachment":[{"href":"https:\/\/mensandbeauty.com\/tienda\/wp-json\/wp\/v2\/media?parent=7827"}],"wp:term":[{"taxonomy":"product_brand","embeddable":true,"href":"https:\/\/mensandbeauty.com\/tienda\/wp-json\/wp\/v2\/product_brand?post=7827"},{"taxonomy":"product_cat","embeddable":true,"href":"https:\/\/mensandbeauty.com\/tienda\/wp-json\/wp\/v2\/product_cat?post=7827"},{"taxonomy":"product_tag","embeddable":true,"href":"https:\/\/mensandbeauty.com\/tienda\/wp-json\/wp\/v2\/product_tag?post=7827"}],"curies":[{"name":"wp","href":"https:\/\/api.w.org\/{rel}","templated":true}]}}