{"id":15398,"date":"2020-03-25T11:25:35","date_gmt":"2020-03-25T10:25:35","guid":{"rendered":"https:\/\/mensandbeauty.com\/tienda\/?post_type=product&#038;p=15398"},"modified":"2020-03-26T19:25:08","modified_gmt":"2020-03-26T18:25:08","slug":"spray-antibacterial-sin-alcohol-myhixel","status":"publish","type":"product","link":"https:\/\/mensandbeauty.com\/tienda\/spray-antibacterial-sin-alcohol-myhixel\/","title":{"rendered":"Spray de Limpieza Antibacterial Sin Alcohol\u3010MYHIXEL\u3011"},"content":{"rendered":"<h2>Spray de Limpieza Antibacterial Libre de Alcohol de MYHIXEL<\/h2>\n<p>Spray de limpieza antibacterial libre de alcohol. Especialmente dise\u00f1ado para el mejor cuidado de tus productos MYHIXEL.\u00a0Gracias a su composici\u00f3n, no da\u00f1ar\u00e1s los materiales de tu MYHIXEL y conseguir\u00e1s mantenerlo en buen estado.<\/p>\n<h3>Contenido<\/h3>\n<p>\u2705 80 ml.<\/p>\n","protected":false},"excerpt":{"rendered":"<p>\u00bfHas comprado o vas a comprar el <a href=\"https:\/\/mensandbeauty.com\/tienda\/masturbador-masculino-myhixel-med-tr\" target=\"_blank\" rel=\"noopener noreferrer\">masturbador masculino MYHIXEL<\/a> y quieres asegurarte de que la <a href=\"https:\/\/mensandbeauty.com\/tienda\/manga-anatomica-myhixel\" target=\"_blank\" rel=\"noopener noreferrer\">manga anat\u00f3mica<\/a> queda\u00a0<strong>perfectamente limpia y desinfectada\u00a0<\/strong>despu\u00e9s de cada uso? Entonces tu mejor amigo es este <strong>spray de limpieza antibacterial libre de alcohol<\/strong>. Especialmente dise\u00f1ado para el mejor cuidado de tus productos MYHIXEL, gracias a su composici\u00f3n <strong>no da\u00f1ar\u00e1s los materiales<\/strong> de la manga ni el dispositivo MYHIXEL I y conseguir\u00e1s mantenerlo en buen estado (piensa en d\u00f3nde vas a meter tu miembro despu\u00e9s de cada uso).<\/p>\n<p>\u2705 Accesorio indispensable para <strong>mantener limpio y desinfectado<\/strong> tu dispositivo MYHIXEL.<\/p>\n<p>\u2705 Su composici\u00f3n no da\u00f1a los materiales de la manga anat\u00f3mica ni del dispositivo MYHIXEL.<\/p>\n<p>\u2705 <strong>No contiene alcohol <\/strong>para cuidar la piel de las zonas \u00edntimas.<\/p>\n","protected":false},"featured_media":15401,"comment_status":"open","ping_status":"closed","template":"","meta":[],"product_brand":[],"product_cat":[1683],"product_tag":[2008],"class_list":{"0":"post-15398","1":"product","2":"type-product","3":"status-publish","4":"has-post-thumbnail","6":"product_cat-geles-higiene-intima-hombre","7":"product_tag-myhixel","9":"first","10":"instock","11":"taxable","12":"shipping-taxable","13":"purchasable","14":"product-type-simple"},"jetpack_likes_enabled":true,"jetpack_sharing_enabled":true,"_links":{"self":[{"href":"https:\/\/mensandbeauty.com\/tienda\/wp-json\/wp\/v2\/product\/15398","targetHints":{"allow":["GET"]}}],"collection":[{"href":"https:\/\/mensandbeauty.com\/tienda\/wp-json\/wp\/v2\/product"}],"about":[{"href":"https:\/\/mensandbeauty.com\/tienda\/wp-json\/wp\/v2\/types\/product"}],"replies":[{"embeddable":true,"href":"https:\/\/mensandbeauty.com\/tienda\/wp-json\/wp\/v2\/comments?post=15398"}],"wp:featuredmedia":[{"embeddable":true,"href":"https:\/\/mensandbeauty.com\/tienda\/wp-json\/wp\/v2\/media\/15401"}],"wp:attachment":[{"href":"https:\/\/mensandbeauty.com\/tienda\/wp-json\/wp\/v2\/media?parent=15398"}],"wp:term":[{"taxonomy":"product_brand","embeddable":true,"href":"https:\/\/mensandbeauty.com\/tienda\/wp-json\/wp\/v2\/product_brand?post=15398"},{"taxonomy":"product_cat","embeddable":true,"href":"https:\/\/mensandbeauty.com\/tienda\/wp-json\/wp\/v2\/product_cat?post=15398"},{"taxonomy":"product_tag","embeddable":true,"href":"https:\/\/mensandbeauty.com\/tienda\/wp-json\/wp\/v2\/product_tag?post=15398"}],"curies":[{"name":"wp","href":"https:\/\/api.w.org\/{rel}","templated":true}]}}