{"id":1415,"date":"2019-05-31T11:57:48","date_gmt":"2019-05-31T09:57:48","guid":{"rendered":"https:\/\/mensandbeauty.com\/tienda\/?post_type=product&#038;p=1415"},"modified":"2022-06-27T18:36:31","modified_gmt":"2022-06-27T16:36:31","slug":"acelerador-protector-solar-hombre-vanilla-sun-homo-naturals","status":"publish","type":"product","link":"https:\/\/mensandbeauty.com\/tienda\/acelerador-protector-solar-hombre-vanilla-sun-homo-naturals\/","title":{"rendered":"Acelerador y Protector Solar para Hombre \u00abVanilla Sun\u00bb SPF30+\u3010Homo Naturals\u3011"},"content":{"rendered":"<h2>Acelerador y Protector Solar para Hombre \u00abVanilla Sun\u00bb SPF30+ de Homo Naturals<\/h2>\n<p>Esta leche en spray, de tacto seco y de r\u00e1pida absorci\u00f3n es el producto que te acompa\u00f1ar\u00e1 cada verano antes de salir a la calle. El Acelerador y Protector Solar para Hombre \u00abVanilla Sun\u00bb SPF30+ de Homo Naturals es el producto perfecto para evitar problemas de piel por estar expuesto al sol mucho tiempo, y adem\u00e1s te proporciona un efecto moreno r\u00e1pidamente gracias a su cocktail de betacaroteno y zanahoria. Evitar problemas con el sol y ponerte moreno, ser\u00e1 tu aliado perfecto en los d\u00edas soleados.<\/p>\n<h3>\u00bfC\u00f3mo se usa?<\/h3>\n<p>Su aplicaci\u00f3n es muy sencilla. Puedes echarte la crema en zonas localizadas por la cara o el cuerpo\u00a0 y extender por todas las zonas visibles que puedan estar expuestas al sol. De otra manera puedes agregar algo de crema a tus manos y extender directamente por dichas zonas vvisibles.<\/p>\n<h3>\u00bfPor qu\u00e9 comprarlo?<\/h3>\n<p>Su f\u00f3rmula con extractos antioxidantes garantizan unos resultados visibles desde las primeras aplicaciones. Con Extractos de Arg\u00e1n, Coco, Oliva, Girasol y Aloe Vera protegen y reparan tu piel mientras te bronceas. Gracias a las Vitaminas C y E, te protege frente a los radicales libres del sol.<\/p>\n<h3>Contenido<\/h3>\n<p>100 ml y 240 ml.<\/p>\n","protected":false},"excerpt":{"rendered":"<p>\u00bfHas sufrido alguna vez quemaduras a causa de la exposici\u00f3n prolongada al sol? \u00bfSientes que te cuesta ponerte moreno m\u00e1s que al resto? Todo esto es habitual, sin embargo encontramos productos que luchan contra este tipo de problemas. Te presentamos el protector solar +\u00a0 acelerador de bronceado Vanilla Sun de Homo Naturals, una leche en spray muy f\u00e1cil de aplicar, que adem\u00e1s de protegerte contra los rayos ultravioleta, cuenta con un mix exclusivo de zanahoria y betacaroteno que te proporciona un bronceado m\u00e1s r\u00e1pido. Puedes usarlo tanto en la cara como el cuerpo y el SPF (Factor de Protecci\u00f3n Solar) es 30, por lo que te pondr\u00e1s moreno sin llegar a quemarte. Disfruta de su agradable aroma a Vainilla.<\/p>\n<p>\u2705 <strong>Muy F\u00e1cil de Aplicar<\/strong>.<\/p>\n<p>\u2705 Te Protege <strong>Contra los Rayos Ultravioleta<\/strong> (SPF 30).<\/p>\n<p>\u2705 <strong>Acelerador del Bronceado<\/strong>.<\/p>\n<p>\u2705 Puedes usarlo tanto en <strong>la cara<\/strong> como en <strong>el cuerpo<\/strong>.<\/p>\n<p>&nbsp;<\/p>\n","protected":false},"featured_media":1432,"comment_status":"open","ping_status":"closed","template":"","meta":[],"product_brand":[],"product_cat":[1314,613],"product_tag":[1463],"class_list":{"0":"post-1415","1":"product","2":"type-product","3":"status-publish","4":"has-post-thumbnail","6":"product_cat-protectores-solares-corporales-hombre","7":"product_cat-protectores-solares-faciales-hombre","8":"product_tag-homo-naturals-2","10":"first","11":"outofstock","12":"taxable","13":"shipping-taxable","14":"purchasable","15":"product-type-variable"},"jetpack_likes_enabled":true,"jetpack_sharing_enabled":true,"_links":{"self":[{"href":"https:\/\/mensandbeauty.com\/tienda\/wp-json\/wp\/v2\/product\/1415","targetHints":{"allow":["GET"]}}],"collection":[{"href":"https:\/\/mensandbeauty.com\/tienda\/wp-json\/wp\/v2\/product"}],"about":[{"href":"https:\/\/mensandbeauty.com\/tienda\/wp-json\/wp\/v2\/types\/product"}],"replies":[{"embeddable":true,"href":"https:\/\/mensandbeauty.com\/tienda\/wp-json\/wp\/v2\/comments?post=1415"}],"wp:featuredmedia":[{"embeddable":true,"href":"https:\/\/mensandbeauty.com\/tienda\/wp-json\/wp\/v2\/media\/1432"}],"wp:attachment":[{"href":"https:\/\/mensandbeauty.com\/tienda\/wp-json\/wp\/v2\/media?parent=1415"}],"wp:term":[{"taxonomy":"product_brand","embeddable":true,"href":"https:\/\/mensandbeauty.com\/tienda\/wp-json\/wp\/v2\/product_brand?post=1415"},{"taxonomy":"product_cat","embeddable":true,"href":"https:\/\/mensandbeauty.com\/tienda\/wp-json\/wp\/v2\/product_cat?post=1415"},{"taxonomy":"product_tag","embeddable":true,"href":"https:\/\/mensandbeauty.com\/tienda\/wp-json\/wp\/v2\/product_tag?post=1415"}],"curies":[{"name":"wp","href":"https:\/\/api.w.org\/{rel}","templated":true}]}}