{"id":1407,"date":"2019-05-31T11:18:08","date_gmt":"2019-05-31T09:18:08","guid":{"rendered":"https:\/\/mensandbeauty.com\/tienda\/?post_type=product&#038;p=1407"},"modified":"2022-06-26T11:40:52","modified_gmt":"2022-06-26T09:40:52","slug":"crema-hidratante-hombre-youth-blend-homo-naturals","status":"publish","type":"product","link":"https:\/\/mensandbeauty.com\/tienda\/crema-hidratante-hombre-youth-blend-homo-naturals\/","title":{"rendered":"Crema Hidratante para Hombre \u00abYouth Blend\u00bb\u3010Homo Naturals\u3011"},"content":{"rendered":"<h2>Crema Hidratante para Hombre \u00abYouth Blend\u00bb Homo Naturals<\/h2>\n<p>\u00bfNo conoces a\u00fan la crema antiedad por excelencia para la piel del hombre? Te presentamos la crema hidratante para hombre Youth Blend de Homo Naturals. Ser\u00e1s testigo de como con un simple producto puedes disfrutar de m\u00faltiples beneficios. Es un producto antiedad, estimula el crecimiento de nuevas c\u00e9lulas, mantiene unidas las c\u00e9lulas de nuestra piel, facilita la creaci\u00f3n de col\u00e1geno y elastina y contiene aceite de nuez de aguacate, el aceite vegetal mas nutritivo que existe. Si a\u00fan sigues teniendo dudas es porque necesitas ver para creer. \u00a1Adelante!<\/p>\n<h3>\u00bfC\u00f3mo se usa?<\/h3>\n<p>Para su uso, aplicar en la yema del dedo y repartir en tres puntos localizados de la cara. Posteriormente, esparcir de forma circular por toda la cara hasta que sea absorbido.<\/p>\n<h3>\u00bfQu\u00e9 se siente cuando te lo aplicas?<\/h3>\n<p>La textura es suave y cremosa, y al aplicarlo sentir\u00e1s como se extiende perfectamente por toda la zona facial. Pasados unos minutos, notar\u00e1s como los componentes naturales comienzan a hacer efecto, estir\u00e1ndote la piel y sintiendo una hidrataci\u00f3n total.<\/p>\n<h3>\u00bfPor qu\u00e9 comprarlo?<\/h3>\n<p>Es un producto 100% natural y de \u00f3ptima calidad. La crema hidratante para hombre Youth Blend le proporciona a tu piel los mejores resultados en t\u00e9rminos de antiedad e hidrataci\u00f3n. Si ya te has hecho con el resto de productos del tratamiento de belleza facial, no dudes en completar el tratamiento con esta crema hidratante, la mejor crema antiarrugas para la piel del hombre.<\/p>\n<h3>Contenido<\/h3>\n<p>50 ml.<\/p>\n","protected":false},"excerpt":{"rendered":"<p>\u00bfA\u00fan no conoces el tratamiento facial de Homo Naturals? Al igual que el Gel Hidratante Youth Blend, la crema Hidratante Youth Blend es el \u00faltimo eslab\u00f3n del tratamiento de belleza facial para hombre de Homo Naturals. Estamos hablando de la mejor crema antiarrugas para la piel del hombre. Gracias a su efecto matificante e hidrataci\u00f3n profunda, se notar\u00e1n los resultados desde la primera aplicaci\u00f3n. Es un aut\u00e9ntico cocktail de vitaminas que nutre la piel y te proporciona resultados visibles de forma inmediata.<\/p>\n<p>&nbsp;<\/p>\n<p><strong>\u2705 La mejor crema Antiarrugas para la piel del hombre.<\/strong><\/p>\n<p><strong>\u2705 Hidrataci\u00f3n profunda <\/strong>y matificante<strong>.<\/strong><\/p>\n<p>\u2705 Un verdadero <strong>cocktail de vitaminas que<\/strong>\u00a0<strong>nutre\u00a0<\/strong>la piel para un conseguir\u00a0<strong>resultados visibles de forma inmediata<\/strong>.<\/p>\n<p>\u2705 Completa el mejor tratamiento de Belleza Facial<\/p>\n","protected":false},"featured_media":1442,"comment_status":"open","ping_status":"closed","template":"","meta":[],"product_brand":[],"product_cat":[99],"product_tag":[1463],"class_list":{"0":"post-1407","1":"product","2":"type-product","3":"status-publish","4":"has-post-thumbnail","6":"product_cat-cremas-hidratantes-faciales-hombre","7":"product_tag-homo-naturals-2","9":"first","10":"instock","11":"featured","12":"taxable","13":"shipping-taxable","14":"purchasable","15":"product-type-simple"},"jetpack_likes_enabled":true,"jetpack_sharing_enabled":true,"_links":{"self":[{"href":"https:\/\/mensandbeauty.com\/tienda\/wp-json\/wp\/v2\/product\/1407","targetHints":{"allow":["GET"]}}],"collection":[{"href":"https:\/\/mensandbeauty.com\/tienda\/wp-json\/wp\/v2\/product"}],"about":[{"href":"https:\/\/mensandbeauty.com\/tienda\/wp-json\/wp\/v2\/types\/product"}],"replies":[{"embeddable":true,"href":"https:\/\/mensandbeauty.com\/tienda\/wp-json\/wp\/v2\/comments?post=1407"}],"wp:featuredmedia":[{"embeddable":true,"href":"https:\/\/mensandbeauty.com\/tienda\/wp-json\/wp\/v2\/media\/1442"}],"wp:attachment":[{"href":"https:\/\/mensandbeauty.com\/tienda\/wp-json\/wp\/v2\/media?parent=1407"}],"wp:term":[{"taxonomy":"product_brand","embeddable":true,"href":"https:\/\/mensandbeauty.com\/tienda\/wp-json\/wp\/v2\/product_brand?post=1407"},{"taxonomy":"product_cat","embeddable":true,"href":"https:\/\/mensandbeauty.com\/tienda\/wp-json\/wp\/v2\/product_cat?post=1407"},{"taxonomy":"product_tag","embeddable":true,"href":"https:\/\/mensandbeauty.com\/tienda\/wp-json\/wp\/v2\/product_tag?post=1407"}],"curies":[{"name":"wp","href":"https:\/\/api.w.org\/{rel}","templated":true}]}}