{"id":1404,"date":"2019-05-31T11:42:38","date_gmt":"2019-05-31T09:42:38","guid":{"rendered":"https:\/\/mensandbeauty.com\/tienda\/?post_type=product&#038;p=1404"},"modified":"2021-01-03T12:42:00","modified_gmt":"2021-01-03T11:42:00","slug":"desodorante-natural-hombre-sidekick-pure-mint-homo-naturals","status":"publish","type":"product","link":"https:\/\/mensandbeauty.com\/tienda\/desodorante-natural-hombre-sidekick-pure-mint-homo-naturals\/","title":{"rendered":"Desodorante Natural para Hombre \u00abSideKick\u00bb Pure Mint\u3010Homo Naturals\u3011"},"content":{"rendered":"<h2>Desodorante Natural para Hombre \u00abSideKick\u00bb Pure Mint de Homo Naturals<\/h2>\n<p>Ha llegado el momento de cuidar tu piel con este innovador desodorante en roll-on sin aluminio ni alcohol. Disfruta de unas axilas protegidas, sin olor ni exceso de sudoraci\u00f3n con el desodorante natural para hombre \u00abSidekick\u00bb Pure Mint de Homo Naturals. El desodorante natural para los hombres del siglo XXI<\/p>\n<h3>\u00bfC\u00f3mo se usa?<\/h3>\n<p>Desliza el producto sobre tus axilas de forma suave hasta cubrir toda la zona. Es conveniente que se aplique el producto estando limpio, por lo que se recomienda su uso despu\u00e9s de la ducha, tras haber eliminado la humedad de la piel con una toalla de ba\u00f1o.<\/p>\n<h3>\u00bfQu\u00e9 se siente cuando te lo aplicas?<\/h3>\n<p>Notar\u00e1s un efecto frescor muy agradable y lo sencillo que resulta deslizar el producto por tus axilas te brindar\u00e1 una sensaci\u00f3n muy suave y atractiva. Es un producto muy c\u00f3modo y sencillo, pero con grandes ventajas para ti y tu piel.<\/p>\n<h3>Contenido<\/h3>\n<p>90 ml.<\/p>\n","protected":false},"excerpt":{"rendered":"<p>\u00bfBuscas un desodorante de calidad que proteja tu piel al mismo tiempo que regule el exceso de sudoraci\u00f3n y elimine el mal olor? Pues ya lo has encontrado. Te presentamos el desodorante natural en roll-on para hombre \u00abSideKick\u00bb Pure Mint de Homo Naturals. Gracias a que el producto est\u00e1 libre de aluminio y alcohol, tu piel podr\u00e1 respirar y estar\u00e1 protegida de la forma m\u00e1s sana posible. El potente antibacteriano 100% natural, la piedra de alumbre, inhibe la proliferaci\u00f3n de bacterias del sudor que causan el mal olor. Contiene tambi\u00e9n salvia y romero para regular el exceso de sudoraci\u00f3n. Una innovadora f\u00f3rmula para estar a gusto all\u00e1 donde vayas. Su atractiva fragancia a c\u00edtrico te cautivar\u00e1 desde la primera aplicaci\u00f3n.<\/p>\n<p>\u2705 <strong>Protege tu piel<\/strong>.<\/p>\n<p>\u2705 <strong>Acaba con el exceso de sudoraci\u00f3n<\/strong>.<\/p>\n<p>\u2705 <strong>Elimina el mal olor<\/strong>.<\/p>\n<p>\u2705 <strong>Fragancia a menta<\/strong>.<\/p>\n","protected":false},"featured_media":1425,"comment_status":"open","ping_status":"closed","template":"","meta":[],"product_brand":[],"product_cat":[408],"product_tag":[1463],"class_list":{"0":"post-1404","1":"product","2":"type-product","3":"status-publish","4":"has-post-thumbnail","6":"product_cat-desodorantes-hombre","7":"product_tag-homo-naturals-2","9":"first","10":"instock","11":"taxable","12":"shipping-taxable","13":"purchasable","14":"product-type-simple"},"jetpack_likes_enabled":true,"jetpack_sharing_enabled":true,"_links":{"self":[{"href":"https:\/\/mensandbeauty.com\/tienda\/wp-json\/wp\/v2\/product\/1404","targetHints":{"allow":["GET"]}}],"collection":[{"href":"https:\/\/mensandbeauty.com\/tienda\/wp-json\/wp\/v2\/product"}],"about":[{"href":"https:\/\/mensandbeauty.com\/tienda\/wp-json\/wp\/v2\/types\/product"}],"replies":[{"embeddable":true,"href":"https:\/\/mensandbeauty.com\/tienda\/wp-json\/wp\/v2\/comments?post=1404"}],"wp:featuredmedia":[{"embeddable":true,"href":"https:\/\/mensandbeauty.com\/tienda\/wp-json\/wp\/v2\/media\/1425"}],"wp:attachment":[{"href":"https:\/\/mensandbeauty.com\/tienda\/wp-json\/wp\/v2\/media?parent=1404"}],"wp:term":[{"taxonomy":"product_brand","embeddable":true,"href":"https:\/\/mensandbeauty.com\/tienda\/wp-json\/wp\/v2\/product_brand?post=1404"},{"taxonomy":"product_cat","embeddable":true,"href":"https:\/\/mensandbeauty.com\/tienda\/wp-json\/wp\/v2\/product_cat?post=1404"},{"taxonomy":"product_tag","embeddable":true,"href":"https:\/\/mensandbeauty.com\/tienda\/wp-json\/wp\/v2\/product_tag?post=1404"}],"curies":[{"name":"wp","href":"https:\/\/api.w.org\/{rel}","templated":true}]}}