{"id":1399,"date":"2019-05-31T11:43:03","date_gmt":"2019-05-31T09:43:03","guid":{"rendered":"https:\/\/mensandbeauty.com\/tienda\/?post_type=product&#038;p=1399"},"modified":"2019-12-26T18:10:36","modified_gmt":"2019-12-26T17:10:36","slug":"revitalizante-facial-after-shave-hombre-cool-splash-homo-naturals","status":"publish","type":"product","link":"https:\/\/mensandbeauty.com\/tienda\/revitalizante-facial-after-shave-hombre-cool-splash-homo-naturals\/","title":{"rendered":"Revitalizante Facial y After Shave para Hombre \u00abCool Splash\u00bb\u3010Homo Naturals\u3011"},"content":{"rendered":"<h2>Revitalizante Facial y After Shave para Hombre \u00abCool Splash\u00bb de Homo Naturals<\/h2>\n<p>Este After-Shave no tiene alcohol y por tanto te libera de cualquier escozor. Est\u00e1 fabricado a partir de los mejores extractos de plantas, siendo el producto perfecto para calmar y proteger tu piel. Gracias al Aloe Vera, rehidratar\u00e1s tu piel y la proteger\u00e1s despu\u00e9s de cada afeitado. Cuenta con extracto de Cal\u00e9ndula Bio, que est\u00e1 considerado como un gran calmante para despu\u00e9s del afeitado. No nos podemos olvidar de mencionar como se percibe por nuestos sentidos. Respecto al tacto, cuenta con una textura muy l\u00edquida, lo que hace que sea muy f\u00e1cil de extender por la zona que desees. En cuanto al aroma, cuenta con una especial fragancia a menta que te contagiar\u00e1 de naturalidad y frescor.<\/p>\n<h3>\u00bfC\u00f3mo se usa?<\/h3>\n<p>Para su uso, es suficiente con aplicarlo directamente sobre el rostro, msajear suavemente la zona con los dedos y dejar secar. Puedes aplicarlo por la ma\u00f1ana y por la noche.<\/p>\n<h3>\u00bfQu\u00e9 se siente cuando te lo aplicas?<\/h3>\n<p>El producto se encuentra en formato spray, lo que le concede una aplicaci\u00f3n m\u00e1s f\u00e1cil y r\u00e1pida. Cuenta con\u00a0 un aporte vitam\u00ednico inmediato, es un gran antioxidante, antiarrugas y t\u00f3nico facial. Por otro lado, tambi\u00e9n sentir\u00e1s la piel calmada y reparada de la exposici\u00f3n solar. Es perfecto para despu\u00e9s de tomar el sol. Sencillamente, un producto muy completo que te ayudar\u00e1 a conseguir una piel mucho m\u00e1s revitalizada.<\/p>\n<h3>\u00bfPor qu\u00e9 comprarlo?<\/h3>\n<p>De nuevo, encontramos un producto 100% natural y vegano. Cuenta \u00fanicamente con los mejores extractos de plantas para calmar y proteger tu piel, con aloe vera que rehidrata y protege tu piel despu\u00e9s de cada afeitado. El extracto de Cal\u00e9ndula Bio es un gran calmante para despu\u00e9s del afeitado. Su incre\u00edble fragancia a Menta Natural sale del aceite esencial 100% puro.<\/p>\n<h3>Contenido<\/h3>\n<p>70 ml.<\/p>\n","protected":false},"excerpt":{"rendered":"<p>\u00bfTienes un aspecto cansado normalmente? \u00bfTe gustar\u00eda mejorar la apariencia de tu rostro? Aqu\u00ed est\u00e1 el tercer producto del tratamiento facial de Homo Naturals. El Super Revitalizante y After Shave 2 en 1 Cool Splash, que a partir de ahora pasar\u00e1 a formar parte de tu ritual de frescura. Este producto, que como ya sabes tiene acci\u00f3n 2 en 1, cuenta con un gran aporte vitaminico y es antioxidante. Es el producto perfecto para pieles grasas, ya que cuenta con Hamamelis, una planta ideal para el cuidado de tu piel gracias a sus propiedades cicatrizantes, antiinflamatorias e hidratantes. Este producto est\u00e1 formulado sin alcohol y solo con extractos de plantas.<\/p>\n<p>\u2705 Producto 2 en 1, <strong>Revitaliza y Funciona como After Shave<\/strong>.<\/p>\n<p>\u2705 Gran <strong>Aporte Vitam\u00ednico y Antioxidante<\/strong>.<\/p>\n<p>\u2705 Producto perfecto para <strong>Pieles Grasas<\/strong>.<\/p>\n<p>\u2705 Consigue un <strong>Aspecto Totalmente Revitalizado<\/strong>.<\/p>\n","protected":false},"featured_media":1440,"comment_status":"open","ping_status":"closed","template":"","meta":[],"product_brand":[],"product_cat":[99,777],"product_tag":[1463],"class_list":{"0":"post-1399","1":"product","2":"type-product","3":"status-publish","4":"has-post-thumbnail","6":"product_cat-cremas-hidratantes-faciales-hombre","7":"product_cat-after-shave-hombre","8":"product_tag-homo-naturals-2","10":"first","11":"instock","12":"taxable","13":"shipping-taxable","14":"purchasable","15":"product-type-simple"},"jetpack_likes_enabled":true,"jetpack_sharing_enabled":true,"_links":{"self":[{"href":"https:\/\/mensandbeauty.com\/tienda\/wp-json\/wp\/v2\/product\/1399","targetHints":{"allow":["GET"]}}],"collection":[{"href":"https:\/\/mensandbeauty.com\/tienda\/wp-json\/wp\/v2\/product"}],"about":[{"href":"https:\/\/mensandbeauty.com\/tienda\/wp-json\/wp\/v2\/types\/product"}],"replies":[{"embeddable":true,"href":"https:\/\/mensandbeauty.com\/tienda\/wp-json\/wp\/v2\/comments?post=1399"}],"wp:featuredmedia":[{"embeddable":true,"href":"https:\/\/mensandbeauty.com\/tienda\/wp-json\/wp\/v2\/media\/1440"}],"wp:attachment":[{"href":"https:\/\/mensandbeauty.com\/tienda\/wp-json\/wp\/v2\/media?parent=1399"}],"wp:term":[{"taxonomy":"product_brand","embeddable":true,"href":"https:\/\/mensandbeauty.com\/tienda\/wp-json\/wp\/v2\/product_brand?post=1399"},{"taxonomy":"product_cat","embeddable":true,"href":"https:\/\/mensandbeauty.com\/tienda\/wp-json\/wp\/v2\/product_cat?post=1399"},{"taxonomy":"product_tag","embeddable":true,"href":"https:\/\/mensandbeauty.com\/tienda\/wp-json\/wp\/v2\/product_tag?post=1399"}],"curies":[{"name":"wp","href":"https:\/\/api.w.org\/{rel}","templated":true}]}}