{"id":1343,"date":"2019-05-30T12:56:38","date_gmt":"2019-05-30T10:56:38","guid":{"rendered":"https:\/\/mensandbeauty.com\/tienda\/?post_type=product&#038;p=1343"},"modified":"2020-04-17T10:44:19","modified_gmt":"2020-04-17T08:44:19","slug":"capa-delantal-afeitar-hombre-shave-barbers-spa","status":"publish","type":"product","link":"https:\/\/mensandbeauty.com\/tienda\/capa-delantal-afeitar-hombre-shave-barbers-spa\/","title":{"rendered":"Capa para Afeitar para Hombre\u3010SHAVE Barbers &#038; Spa\u3011"},"content":{"rendered":"<h2>Capa de Afeitar para Hombre de SHAVE Barbers &amp; Spa<\/h2>\n<p>Vas a afeitarte, pero \u00bftienes que estar pendiente de que todo el pelo caiga en el mismo sitio para ensuciar lo menos posible? Despreoc\u00fapate y af\u00e9itate sin ensuciar nada de nada gracias a esta capa de afeitar para hombre de SHAVE Barbers &amp; Spa<\/p>\n<h3>\u00bfC\u00f3mo se usa?<\/h3>\n<p>Col\u00f3cate la capa para afeitar alrededor del cuello gracias las tiras de velcro. Coloca los chupones de la capa frente al espejo o pared. A partir de aqu\u00ed est\u00e1 claro, empieza a afeitarte o recortar tu barba, dejando que el vello quede recogido en la capa. C\u00e9ntrate en el afeitado y no en la limpieza de despu\u00e9s.<\/p>\n<h3>\u00bfPor qu\u00e9 comprarlo?<\/h3>\n<p>Porque usando la capa de afeitado de SHAVE Barbers &amp; Spa podr\u00e1s eliminar tu vello facial sin ensuciar el ba\u00f1o o el lavabo, por lo que ya no tendr\u00e1s que limpiarlos tras el afeitado.<\/p>\n<h3>Contenido<\/h3>\n<p>1 Capa.<\/p>\n","protected":false},"excerpt":{"rendered":"<p>\u00bfDejas todo lleno de pelos cuando te afeitas? \u00bfTe supone mucho tiempo y esfuerzo recoger el vello despu\u00e9s del afeitado? Otro problema menos resuelto por Shave Barbers &amp; Spa. Esta capa de afeitar est\u00e1 dise\u00f1ada especialmente para recoger el vello de tu barba mientras te afeitas. De esta manera, solo tienes que tirarlo a la basura directamente. Ahorra tiempo sin ensuciar y olv\u00eddate de complicarte la vida. Cuando la utilices por primera vez, sabr\u00e1s que has hecho bien en comprarla.<\/p>\n<p><span class=\"emoji\">\u2705 <strong>No ensucies m\u00e1s<\/strong> cuando te afeites.<\/span><\/p>\n<p><span class=\"emoji\">\u2705 <strong>Ahorra tiempo<\/strong> despu\u00e9s de cada afeitado.<\/span><\/p>\n<p><span class=\"emoji\">\u2705 <strong>Tira a la basura todo el pelo<\/strong> directamente.<\/span><\/p>\n<p>&nbsp;<\/p>\n","protected":false},"featured_media":1327,"comment_status":"open","ping_status":"closed","template":"","meta":[],"product_brand":[],"product_cat":[1212],"product_tag":[996],"class_list":{"0":"post-1343","1":"product","2":"type-product","3":"status-publish","4":"has-post-thumbnail","6":"product_cat-accesorios-bano-hombre","7":"product_tag-shave-barbers-spa-2","9":"first","10":"outofstock","11":"taxable","12":"shipping-taxable","13":"purchasable","14":"product-type-simple"},"jetpack_likes_enabled":true,"jetpack_sharing_enabled":true,"_links":{"self":[{"href":"https:\/\/mensandbeauty.com\/tienda\/wp-json\/wp\/v2\/product\/1343","targetHints":{"allow":["GET"]}}],"collection":[{"href":"https:\/\/mensandbeauty.com\/tienda\/wp-json\/wp\/v2\/product"}],"about":[{"href":"https:\/\/mensandbeauty.com\/tienda\/wp-json\/wp\/v2\/types\/product"}],"replies":[{"embeddable":true,"href":"https:\/\/mensandbeauty.com\/tienda\/wp-json\/wp\/v2\/comments?post=1343"}],"wp:featuredmedia":[{"embeddable":true,"href":"https:\/\/mensandbeauty.com\/tienda\/wp-json\/wp\/v2\/media\/1327"}],"wp:attachment":[{"href":"https:\/\/mensandbeauty.com\/tienda\/wp-json\/wp\/v2\/media?parent=1343"}],"wp:term":[{"taxonomy":"product_brand","embeddable":true,"href":"https:\/\/mensandbeauty.com\/tienda\/wp-json\/wp\/v2\/product_brand?post=1343"},{"taxonomy":"product_cat","embeddable":true,"href":"https:\/\/mensandbeauty.com\/tienda\/wp-json\/wp\/v2\/product_cat?post=1343"},{"taxonomy":"product_tag","embeddable":true,"href":"https:\/\/mensandbeauty.com\/tienda\/wp-json\/wp\/v2\/product_tag?post=1343"}],"curies":[{"name":"wp","href":"https:\/\/api.w.org\/{rel}","templated":true}]}}