{"id":1280,"date":"2019-05-30T09:54:44","date_gmt":"2019-05-30T07:54:44","guid":{"rendered":"https:\/\/mensandbeauty.com\/tienda\/?post_type=product&#038;p=1280"},"modified":"2021-08-03T09:14:52","modified_gmt":"2021-08-03T07:14:52","slug":"champu-barba-bigote-hombre-shave-barbers-spa","status":"publish","type":"product","link":"https:\/\/mensandbeauty.com\/tienda\/champu-barba-bigote-hombre-shave-barbers-spa\/","title":{"rendered":"Champ\u00fa de Barba y Bigote para Hombre\u3010Shave Barbers Spa\u3011"},"content":{"rendered":"<h2>Champ\u00fa de Barba y Bigote para Hombre de SHAVE Barbers &amp; Spa<\/h2>\n<p>Si tener la barba completamente limpia era una preocupaci\u00f3n, ya puedes ir despreocup\u00e1ndote porque te presentamos en nuevo champ\u00fa para barba de hombre de SHAVE Barbers &amp; Spa. Un champ\u00fa que consigue eliminar cualquier residuo de tu barba y dejarla completamente limpia. \u00a1Es tu turno!<\/p>\n<h3>\u00bfC\u00f3mo se usa?<\/h3>\n<p>Se debe aplicar sobre la barba h\u00fameda y masajear con los dedos hasta que se obtenga abundante espuma. Para obtener los mejores resultados es conveniente dejarla actuar durante 3 minutos y aclarar con abundante agua.<\/p>\n<h3>\u00bfQu\u00e9 se siente cuando te lo aplicas?<\/h3>\n<p>Notar\u00e1s como un agradable aroma colma tu sentido del olfato mientras que la abundante espuma te deja sentir como la barba queda impoluta en cuesti\u00f3n de segundos. Como ya te dec\u00edamos antes, lleva la limpieza de tu barba al m\u00e1s alto nivel.<\/p>\n<h3>\u00bfPor qu\u00e9 comprarlo?<\/h3>\n<p>Porque tener el pelo del rostro limpio es obligatorio si tu objetivo es lucir una barba cuidada, espesa y mod\u00e9lica.<\/p>\n<h3>Contenido<\/h3>\n<p>125 ml.<\/p>\n","protected":false},"excerpt":{"rendered":"<p>Toda buena barba que se preste necesita de unos cuidados y una atenci\u00f3n muy exigentes. Esa preocupaci\u00f3n por tener una barba ejemplar, nos conduce a utilizar varios productos que a largo plazo pueden permanecer en ella y ensuciarla. Esto ya es un problema del pasado gracias a este champ\u00fa de limpieza profunda. Con \u00e9l, vas a poder limpiar el pelo a fondo y eliminar cualquier residuo que se haya acumulado en la barba a causa de la utilizaci\u00f3n de estos productos.<\/p>\n<p>\u2705 Champ\u00fa de barba de <strong>limpieza profunda.<\/strong><\/p>\n<p>\u2705 <strong>Elimina los restos de otros productos<\/strong>.<\/p>\n<p>\u2705 Lleva <strong>tu barba al m\u00e1s alto nivel<\/strong>.<\/p>\n","protected":false},"featured_media":1229,"comment_status":"open","ping_status":"closed","template":"","meta":[],"product_brand":[],"product_cat":[1208],"product_tag":[996],"class_list":{"0":"post-1280","1":"product","2":"type-product","3":"status-publish","4":"has-post-thumbnail","6":"product_cat-champus-barba-hombre","7":"product_tag-shave-barbers-spa-2","9":"first","10":"outofstock","11":"taxable","12":"shipping-taxable","13":"purchasable","14":"product-type-simple"},"jetpack_likes_enabled":true,"jetpack_sharing_enabled":true,"_links":{"self":[{"href":"https:\/\/mensandbeauty.com\/tienda\/wp-json\/wp\/v2\/product\/1280","targetHints":{"allow":["GET"]}}],"collection":[{"href":"https:\/\/mensandbeauty.com\/tienda\/wp-json\/wp\/v2\/product"}],"about":[{"href":"https:\/\/mensandbeauty.com\/tienda\/wp-json\/wp\/v2\/types\/product"}],"replies":[{"embeddable":true,"href":"https:\/\/mensandbeauty.com\/tienda\/wp-json\/wp\/v2\/comments?post=1280"}],"wp:featuredmedia":[{"embeddable":true,"href":"https:\/\/mensandbeauty.com\/tienda\/wp-json\/wp\/v2\/media\/1229"}],"wp:attachment":[{"href":"https:\/\/mensandbeauty.com\/tienda\/wp-json\/wp\/v2\/media?parent=1280"}],"wp:term":[{"taxonomy":"product_brand","embeddable":true,"href":"https:\/\/mensandbeauty.com\/tienda\/wp-json\/wp\/v2\/product_brand?post=1280"},{"taxonomy":"product_cat","embeddable":true,"href":"https:\/\/mensandbeauty.com\/tienda\/wp-json\/wp\/v2\/product_cat?post=1280"},{"taxonomy":"product_tag","embeddable":true,"href":"https:\/\/mensandbeauty.com\/tienda\/wp-json\/wp\/v2\/product_tag?post=1280"}],"curies":[{"name":"wp","href":"https:\/\/api.w.org\/{rel}","templated":true}]}}