{"id":1154,"date":"2019-05-29T10:47:16","date_gmt":"2019-05-29T08:47:16","guid":{"rendered":"https:\/\/mensandbeauty.com\/tienda\/?post_type=product&#038;p=1154"},"modified":"2022-04-15T20:52:29","modified_gmt":"2022-04-15T18:52:29","slug":"spray-sal-pelo-hombre-shave-barbers-spa","status":"publish","type":"product","link":"https:\/\/mensandbeauty.com\/tienda\/spray-sal-pelo-hombre-shave-barbers-spa\/","title":{"rendered":"Spray de Sal Fijador de Pelo para Hombre\u3010SHAVE Barbers &#038; Spa\u3011"},"content":{"rendered":"<h2>Spray de Sal de Pelo para Hombre de SHAVE Barbers &amp; Spa<\/h2>\n<p>Se acab\u00f3 eso de sentir un pelo sensible, delicado y con poca fuerza. Para cualquier hombre que se preste, un pelo en condiciones \u00f3ptimas puede ser su mejor aliado. Es el momento de darle a tu pelo la energ\u00eda y la resistencia que necesita. Luce tu pelo orgulloso all\u00e1 donde vayas.<\/p>\n<h3>\u00bfC\u00f3mo se usa?<\/h3>\n<p>Debes rociar el producto sobre el cabello, independientemente de que est\u00e9 seco o mojado. Notar\u00e1s el efecto deseado al instante.<\/p>\n<h3>\u00bfQu\u00e9 se siente cuando te lo aplicas?<\/h3>\n<p>Siente como en el mismo momento de la aplicaci\u00f3n, tu pelo coge fuerza y volumen. P\u00e9inalo como desees, te resultar\u00e1 mucho m\u00e1s f\u00e1cil y agradable.<\/p>\n<h3>\u00bfPor qu\u00e9 comprarlo?<\/h3>\n<p>Muchos hombres sienten que, aunque tengan una cantidad de pelo importante, su pelo no tiene la fuerza y energ\u00eda que ellos desean. Sienten que su pelo es d\u00e9bil, sensible y fino, y por tanto se estropea con mayor facilidad. Este producto lucha contra ese problema desde el primer momento. Ese momento es hoy y ahora.<\/p>\n<h3>Contenido<\/h3>\n<p>250 ml.<\/p>\n","protected":false},"excerpt":{"rendered":"<p>\u00bfEres de los que tiene pelo fino y delicado? \u00bfTe apetece conseguir un pelo fuerte y con volumen? No busques m\u00e1s, has llegado al lugar indicado. Gracias a este S<strong>pray de Sal de SHAVE Barbers &amp; Spa<\/strong>, agrega a tu pelo un mayor volumen, textura y consigue un control absoluto. Consigue una textura efecto \u00abpelo de playa\u00bb, notar\u00e1s como tu pelo empieza a coger grosor desde la primera aplicaci\u00f3n. Si no tienes el cabello fino, es indiferente, lo puedes utilizar independientemente del tipo de cabello que tengas, siempre y cuando quieras conseguir ese <strong>pelo voluminoso<\/strong> y fuerte que tanto gusta. \u00bfA qu\u00e9 esperas?<\/p>\n<p><a href=\"https:\/\/emojipedia.org\/white-heavy-check-mark\/\"><span class=\"emoji\">\u2705<\/span><\/a> Consigue una <strong>textura \u00abefecto playa\u00bb<\/strong><\/p>\n<p><a href=\"https:\/\/emojipedia.org\/white-heavy-check-mark\/\"><span class=\"emoji\">\u2705\u00a0<\/span><\/a>Disfruta de un <strong>pelo m\u00e1s voluminoso<\/strong><\/p>\n<p><a href=\"https:\/\/emojipedia.org\/white-heavy-check-mark\/\"><span class=\"emoji\">\u2705\u00a0<\/span><\/a>Para <strong>todo tipo de cabellos<\/strong><\/p>\n","protected":false},"featured_media":1201,"comment_status":"open","ping_status":"closed","template":"","meta":[],"product_brand":[],"product_cat":[835],"product_tag":[996],"class_list":{"0":"post-1154","1":"product","2":"type-product","3":"status-publish","4":"has-post-thumbnail","6":"product_cat-moldeadores-pelo-hombre","7":"product_tag-shave-barbers-spa-2","9":"first","10":"outofstock","11":"sale","12":"featured","13":"taxable","14":"shipping-taxable","15":"purchasable","16":"product-type-variable"},"jetpack_likes_enabled":true,"jetpack_sharing_enabled":true,"_links":{"self":[{"href":"https:\/\/mensandbeauty.com\/tienda\/wp-json\/wp\/v2\/product\/1154","targetHints":{"allow":["GET"]}}],"collection":[{"href":"https:\/\/mensandbeauty.com\/tienda\/wp-json\/wp\/v2\/product"}],"about":[{"href":"https:\/\/mensandbeauty.com\/tienda\/wp-json\/wp\/v2\/types\/product"}],"replies":[{"embeddable":true,"href":"https:\/\/mensandbeauty.com\/tienda\/wp-json\/wp\/v2\/comments?post=1154"}],"wp:featuredmedia":[{"embeddable":true,"href":"https:\/\/mensandbeauty.com\/tienda\/wp-json\/wp\/v2\/media\/1201"}],"wp:attachment":[{"href":"https:\/\/mensandbeauty.com\/tienda\/wp-json\/wp\/v2\/media?parent=1154"}],"wp:term":[{"taxonomy":"product_brand","embeddable":true,"href":"https:\/\/mensandbeauty.com\/tienda\/wp-json\/wp\/v2\/product_brand?post=1154"},{"taxonomy":"product_cat","embeddable":true,"href":"https:\/\/mensandbeauty.com\/tienda\/wp-json\/wp\/v2\/product_cat?post=1154"},{"taxonomy":"product_tag","embeddable":true,"href":"https:\/\/mensandbeauty.com\/tienda\/wp-json\/wp\/v2\/product_tag?post=1154"}],"curies":[{"name":"wp","href":"https:\/\/api.w.org\/{rel}","templated":true}]}}