{"id":1151,"date":"2019-05-29T10:25:34","date_gmt":"2019-05-29T08:25:34","guid":{"rendered":"https:\/\/mensandbeauty.com\/tienda\/?post_type=product&#038;p=1151"},"modified":"2023-10-18T15:00:51","modified_gmt":"2023-10-18T13:00:51","slug":"acondicionador-pelo-hombre-aceite-argan-shave-barbers-spa","status":"publish","type":"product","link":"https:\/\/mensandbeauty.com\/tienda\/acondicionador-pelo-hombre-aceite-argan-shave-barbers-spa\/","title":{"rendered":"Acondicionador de Aceite de Arg\u00e1n para Hombre\u3010SHAVE Barbers &#038; Spa\u3011"},"content":{"rendered":"<h2>Acondicionador de Aceite de Arg\u00e1n para Hombre de SHAVE Barbers &amp; Spa<\/h2>\n<p>Completa tu rutina diaria con el acondicionador de pelo para hombre Arg\u00e1n Oil Conditioner. La experiencia completa para un pelo saludable e hidratado.<\/p>\n<h3>\u00bfC\u00f3mo se usa?<\/h3>\n<p>Es aconsejable usar despu\u00e9s del champ\u00fa de aceite de arg\u00e1n de SHAVE para completar la experiencia de hidrataci\u00f3n. Despu\u00e9s de limpiar con este champ\u00fa, aclarar y hacer uso de este acondicionador a\u00fan con el pelo mojado. Dejar actuar durante un par de minutos y aclarar con abundante agua.<\/p>\n<h3>\u00bfQu\u00e9 se siente cuando te lo aplicas?<\/h3>\n<p>Ser\u00e1s testigo de un pelo totalmente hidratado y un cuero cabelludo totalmente nutrido.<\/p>\n<h3>\u00bfPor qu\u00e9 comprarlo?<\/h3>\n<p>Porque el pelo es de las cosas m\u00e1s importantes para cuidar la apariencia de un hombre, se necesita de los mejores productos para poder cuidarlo y mantenerlo como es debido. Este producto completa la experiencia de lavado con un toque de hidrataci\u00f3n, protecci\u00f3n y nutrici\u00f3n.<\/p>\n<h3>Contenido<\/h3>\n<p>250 ml y 1000 ml.<\/p>\n","protected":false},"excerpt":{"rendered":"<p>Si quieres mantener y completar una rutina diaria de calidad, te presentamos este acondicionador de aceite de arg\u00e1n, que consigue nutrir, desenredar, hidratar y proteger tu pelo con cada aplicaci\u00f3n. Conseguir\u00e1s un pelo sedoso, manejable y listo para peinar en tu rutina diaria. Como todos los productos de esta marca, es un producto perfecto para cualquier tipo de cabello. Est\u00e1 libre de parabenos y sulfatos, por lo que conseguir\u00e1s un pelo sano y fuerte.<\/p>\n<p><a href=\"https:\/\/emojipedia.org\/white-heavy-check-mark\/\"><span class=\"emoji\">\u2705<\/span><\/a> <strong>Nutre e Hidrata<\/strong> tu Pelo al M\u00e1ximo<\/p>\n<p><a href=\"https:\/\/emojipedia.org\/white-heavy-check-mark\/\"><span class=\"emoji\">\u2705\u00a0<\/span><\/a>Pensado para tu <strong>Rutina Diaria<\/strong><\/p>\n<p><a href=\"https:\/\/emojipedia.org\/white-heavy-check-mark\/\"><span class=\"emoji\">\u2705\u00a0<\/span><\/a><strong>Libre de Parabenos y Sulfatos<\/strong><\/p>\n","protected":false},"featured_media":1179,"comment_status":"open","ping_status":"closed","template":"","meta":[],"product_brand":[],"product_cat":[781],"product_tag":[996],"class_list":{"0":"post-1151","1":"product","2":"type-product","3":"status-publish","4":"has-post-thumbnail","6":"product_cat-acondicionadores-pelo-hombre","7":"product_tag-shave-barbers-spa-2","9":"first","10":"outofstock","11":"taxable","12":"shipping-taxable","13":"purchasable","14":"product-type-variable"},"jetpack_likes_enabled":true,"jetpack_sharing_enabled":true,"_links":{"self":[{"href":"https:\/\/mensandbeauty.com\/tienda\/wp-json\/wp\/v2\/product\/1151","targetHints":{"allow":["GET"]}}],"collection":[{"href":"https:\/\/mensandbeauty.com\/tienda\/wp-json\/wp\/v2\/product"}],"about":[{"href":"https:\/\/mensandbeauty.com\/tienda\/wp-json\/wp\/v2\/types\/product"}],"replies":[{"embeddable":true,"href":"https:\/\/mensandbeauty.com\/tienda\/wp-json\/wp\/v2\/comments?post=1151"}],"wp:featuredmedia":[{"embeddable":true,"href":"https:\/\/mensandbeauty.com\/tienda\/wp-json\/wp\/v2\/media\/1179"}],"wp:attachment":[{"href":"https:\/\/mensandbeauty.com\/tienda\/wp-json\/wp\/v2\/media?parent=1151"}],"wp:term":[{"taxonomy":"product_brand","embeddable":true,"href":"https:\/\/mensandbeauty.com\/tienda\/wp-json\/wp\/v2\/product_brand?post=1151"},{"taxonomy":"product_cat","embeddable":true,"href":"https:\/\/mensandbeauty.com\/tienda\/wp-json\/wp\/v2\/product_cat?post=1151"},{"taxonomy":"product_tag","embeddable":true,"href":"https:\/\/mensandbeauty.com\/tienda\/wp-json\/wp\/v2\/product_tag?post=1151"}],"curies":[{"name":"wp","href":"https:\/\/api.w.org\/{rel}","templated":true}]}}