{"id":1143,"date":"2019-05-28T21:58:12","date_gmt":"2019-05-28T19:58:12","guid":{"rendered":"https:\/\/mensandbeauty.com\/tienda\/?post_type=product&#038;p=1143"},"modified":"2022-06-26T23:34:54","modified_gmt":"2022-06-26T21:34:54","slug":"pomada-pelo-hombre-deluxe-shave-barbers-spa","status":"publish","type":"product","link":"https:\/\/mensandbeauty.com\/tienda\/pomada-pelo-hombre-deluxe-shave-barbers-spa\/","title":{"rendered":"Pomada de Pelo para Hombre \u00abDeluxe\u00bb\u3010SHAVE Barbers &#038; Spa\u3011"},"content":{"rendered":"<h2>Pomada para el Pelo del Hombre \u00abDeluxe\u00bb de SHAVE Barbers &amp; Spa<\/h2>\n<p>La cera que estabas buscando ya la puedes comprar. Una cera \u00abDeluxe\u00bb para hombres \u00abDeluxe\u00bb. Lleva tu personalidad al m\u00e1s alto nivel y peina tu cabello totalmente al gusto, ya no tienes excusas.<\/p>\n<h3>\u00bfC\u00f3mo se usa?<\/h3>\n<p>Es suficiente con aplicar una cantidad de producto reducida en la palma de la mano. Para una mayor fijaci\u00f3n y mejores resultados, extender el producto desde la ra\u00edz del cabello hasta las puntas y peinar como desees.<\/p>\n<h3>\u00bfQu\u00e9 se siente cuando te lo aplicas?<\/h3>\n<p>Notar\u00e1s como el pelo coge firmeza en unos pocos segundos. Un pelo fuerte y con tanta energ\u00eda en cuesti\u00f3n de segundos nunca fue tan f\u00e1cil.<\/p>\n<h3>\u00bfPor qu\u00e9 comprarlo?<\/h3>\n<p>Si has probado muchas ceras, sabr\u00e1s identificar a distancia una cera de calidad. No har\u00e1 falta que te digamos entonces si la cera \u00abDeluxe\u00bb lo es, porque ya sabes t\u00fa que s\u00ed.<\/p>\n<h3>Contenido<\/h3>\n<p>100 ml.<\/p>\n","protected":false},"excerpt":{"rendered":"<p>\u00bfEres estricto con cada peinado? \u00bfTe gusta darle forma al pelo antes de salir de casa cada ma\u00f1ana? Gracias a esta pomada de fijaci\u00f3n, notar\u00e1s como tu pelo se deja moldear a tu gusto, permiti\u00e9ndote dise\u00f1ar cualquier tipo de peinado. Si adem\u00e1s te gusta lucir un pelo brillante y con un acabado cl\u00e1sico, has dado en el clavo con este producto. Es un producto f\u00e1cil de lavar y puedes mezclarlo con algo de agua para repartir mejor por todo el pelo en el momento de su aplicaci\u00f3n. \u00a1Todo ventajas!<\/p>\n<p>\u2705\u00a0<strong>Moldea tu Cabello<\/strong> al gusto.<\/p>\n<p>\u2705\u00a0<strong>Pelo Brillante<\/strong> y Acabado Cl\u00e1sico.<\/p>\n<p>\u2705\u00a0<strong>F\u00e1cil de lavar<\/strong>.<\/p>\n","protected":false},"featured_media":1199,"comment_status":"open","ping_status":"closed","template":"","meta":[],"product_brand":[],"product_cat":[835],"product_tag":[996],"class_list":{"0":"post-1143","1":"product","2":"type-product","3":"status-publish","4":"has-post-thumbnail","6":"product_cat-moldeadores-pelo-hombre","7":"product_tag-shave-barbers-spa-2","9":"first","10":"outofstock","11":"featured","12":"taxable","13":"shipping-taxable","14":"purchasable","15":"product-type-simple"},"jetpack_likes_enabled":true,"jetpack_sharing_enabled":true,"_links":{"self":[{"href":"https:\/\/mensandbeauty.com\/tienda\/wp-json\/wp\/v2\/product\/1143","targetHints":{"allow":["GET"]}}],"collection":[{"href":"https:\/\/mensandbeauty.com\/tienda\/wp-json\/wp\/v2\/product"}],"about":[{"href":"https:\/\/mensandbeauty.com\/tienda\/wp-json\/wp\/v2\/types\/product"}],"replies":[{"embeddable":true,"href":"https:\/\/mensandbeauty.com\/tienda\/wp-json\/wp\/v2\/comments?post=1143"}],"wp:featuredmedia":[{"embeddable":true,"href":"https:\/\/mensandbeauty.com\/tienda\/wp-json\/wp\/v2\/media\/1199"}],"wp:attachment":[{"href":"https:\/\/mensandbeauty.com\/tienda\/wp-json\/wp\/v2\/media?parent=1143"}],"wp:term":[{"taxonomy":"product_brand","embeddable":true,"href":"https:\/\/mensandbeauty.com\/tienda\/wp-json\/wp\/v2\/product_brand?post=1143"},{"taxonomy":"product_cat","embeddable":true,"href":"https:\/\/mensandbeauty.com\/tienda\/wp-json\/wp\/v2\/product_cat?post=1143"},{"taxonomy":"product_tag","embeddable":true,"href":"https:\/\/mensandbeauty.com\/tienda\/wp-json\/wp\/v2\/product_tag?post=1143"}],"curies":[{"name":"wp","href":"https:\/\/api.w.org\/{rel}","templated":true}]}}