{"id":863,"date":"2019-05-05T13:12:24","date_gmt":"2019-05-05T11:12:24","guid":{"rendered":"https:\/\/mensandbeauty.com\/tienda\/?page_id=863"},"modified":"2021-08-29T11:10:08","modified_gmt":"2021-08-29T09:10:08","slug":"packs-regalo-hombre","status":"publish","type":"page","link":"https:\/\/mensandbeauty.com\/tienda\/packs-regalo-hombre\/","title":{"rendered":"Packs Regalo de Productos de Belleza para Hombre"},"content":{"rendered":"\n  <div id=\"page-header-1507683085\" class=\"page-header-wrapper\">\n  <div class=\"page-title dark featured-title\">\n\n    \n    <div class=\"page-title-inner container align-center text-center flex-row-col medium-flex-wrap\" >\n              <div class=\"title-wrapper flex-col\">\n          <h1 class=\"entry-title mb-0\">\n            Packs Regalo de Productos de Belleza para Hombre          <\/h1>\n        <\/div>\n                    <div class=\"title-content flex-col\">\n        <div class=\"title-breadcrumbs pb-half pt-half\"><nav class=\"woocommerce-breadcrumb breadcrumbs uppercase\" aria-label=\"Breadcrumb\">Inicio<\/nav><\/div>      <\/div>\n    <\/div>\n\n     \n<style>\n#page-header-1507683085 .page-title-inner {\n  min-height: 200px;\n}\n#page-header-1507683085 {\n  margin-bottom: 60px;\n}\n<\/style>\n  <\/div>\n    <\/div>\n  \n\n\n\t<section class=\"section\" id=\"section_1966735653\">\n\t\t<div class=\"section-bg fill\" >\n\t\t\t\t\t\t\t\t\t\n\t\t\t\n\n\t\t<\/div>\n\n\t\t\n\n\t\t<div class=\"section-content relative\">\n\t\t\t\n\n<div class=\"row\"  id=\"row-1502215878\">\n\n\n\t<div id=\"col-1618086950\" class=\"col small-12 large-12\"  >\n\t\t\t\t<div class=\"col-inner\"  >\n\t\t\t\n\t\t\t\n\n<p>Seamos sinceros, si no tienes mucha idea de cosm\u00e9tica, ya seas hombre o mujer, si no has dado los <a href=\"https:\/\/mensandbeauty.com\/primeros-pasos-belleza-hombre\" target=\"_blank\" rel=\"noopener noreferrer\">primeros pasos en el mundo beauty<\/a>, <strong>te puedes llegar a perder entre tanto producto de belleza<\/strong>. Que si <a href=\"https:\/\/mensandbeauty.com\/rutina-cuidado-facial-hombre\" target=\"_blank\" rel=\"noopener noreferrer\">rutina facial<\/a>, que si rutina de barba, que si rutina corporal, que si crema, que si b\u00e1lsamo, que si exfoliante, que si protector, as\u00ed <strong>es muy dif\u00edcil saber qu\u00e9 comprar<\/strong>. Por ello, para facilitarte la vida y que, no s\u00f3lo compres los mejores productos, te presentamos una serie de <strong>kits, packs y sets de belleza masculina<\/strong> que te ayudar\u00e1n a iniciarte en este mundillo y que, encima, te ayuden a ahorrar algo de dinero.<\/p>\n\n\t\t<\/div>\n\t\t\t\t\t<\/div>\n\n\t\n\n<\/div>\n<div class=\"row\"  id=\"row-1120361412\">\n\n\n\t<div id=\"col-38992136\" class=\"col small-12 large-12\"  >\n\t\t\t\t<div class=\"col-inner\"  >\n\t\t\t\n\t\t\t\n\n\t\n  \n    <div class=\"row large-columns-3 medium-columns- small-columns-2 row-small has-shadow row-box-shadow-2 row-box-shadow-5-hover slider row-slider slider-nav-reveal slider-nav-push\"  data-flickity-options='{&quot;imagesLoaded&quot;: true, &quot;groupCells&quot;: &quot;100%&quot;, &quot;dragThreshold&quot; : 5, &quot;cellAlign&quot;: &quot;left&quot;,&quot;wrapAround&quot;: true,&quot;prevNextButtons&quot;: true,&quot;percentPosition&quot;: true,&quot;pageDots&quot;: false, &quot;rightToLeft&quot;: false, &quot;autoPlay&quot; : false}' >\n\n  \n\t     <div class=\"product-small col has-hover product type-product post-2249 status-publish first instock product_cat-packs-belleza-hombre product_cat-cremas-hidratantes-faciales-hombre product_cat-exfoliante-facial-hombre product_cat-limpiadores-faciales-hombre product_tag-homo-naturals-2 has-post-thumbnail taxable shipping-taxable purchasable product-type-simple\">\n\t<div class=\"col-inner\">\n\t\n<div class=\"badge-container absolute left top z-1\">\n\n<\/div>\n\t<div class=\"product-small box \">\n\t\t<div class=\"box-image\">\n\t\t\t<div class=\"image-grayscale\">\n\t\t\t\t<a href=\"https:\/\/mensandbeauty.com\/tienda\/pack-tratamiento-facial-hombre-homo-naturals\/\">\n\t\t\t\t\t<img loading=\"lazy\" decoding=\"async\" width=\"247\" height=\"296\" src=\"https:\/\/i0.wp.com\/mensandbeauty.com\/tienda\/wp-content\/uploads\/2019\/06\/mejores-productos-belleza-hombre-homo-naturals-pack-tratamiento-facial-hombre-extra-gents-x-foliate-cool-splash-youth-blend-2.jpg?resize=247%2C296&amp;ssl=1\" class=\"attachment-woocommerce_thumbnail size-woocommerce_thumbnail\" alt=\"mejores productos belleza hombre homo naturals pack tratamiento facial hombre extra gents x foliate cool splash youth blend\" srcset=\"https:\/\/i0.wp.com\/mensandbeauty.com\/tienda\/wp-content\/uploads\/2019\/06\/mejores-productos-belleza-hombre-homo-naturals-pack-tratamiento-facial-hombre-extra-gents-x-foliate-cool-splash-youth-blend-2.jpg?resize=247%2C296&amp;ssl=1 247w, https:\/\/i0.wp.com\/mensandbeauty.com\/tienda\/wp-content\/uploads\/2019\/06\/mejores-productos-belleza-hombre-homo-naturals-pack-tratamiento-facial-hombre-extra-gents-x-foliate-cool-splash-youth-blend-2.jpg?zoom=2&amp;resize=247%2C296&amp;ssl=1 494w, https:\/\/i0.wp.com\/mensandbeauty.com\/tienda\/wp-content\/uploads\/2019\/06\/mejores-productos-belleza-hombre-homo-naturals-pack-tratamiento-facial-hombre-extra-gents-x-foliate-cool-splash-youth-blend-2.jpg?zoom=3&amp;resize=247%2C296&amp;ssl=1 741w\" sizes=\"auto, (max-width: 247px) 100vw, 247px\" \/>\t\t\t\t<\/a>\n\t\t\t<\/div>\n\t\t\t<div class=\"image-tools is-small top right show-on-hover\">\n\t\t\t\t\t\t<div class=\"wishlist-icon\">\n\t\t\t<button class=\"wishlist-button button is-outline circle icon\" aria-label=\"Wishlist\">\n\t\t\t\t<i class=\"icon-heart\" aria-hidden=\"true\"><\/i>\t\t\t<\/button>\n\t\t\t<div class=\"wishlist-popup dark\">\n\t\t\t\t\n<div class=\"yith-wcwl-add-to-wishlist add-to-wishlist-2249  wishlist-fragment on-first-load\" data-fragment-ref=\"2249\" data-fragment-options=\"{&quot;base_url&quot;:&quot;&quot;,&quot;in_default_wishlist&quot;:false,&quot;is_single&quot;:false,&quot;show_exists&quot;:true,&quot;product_id&quot;:2249,&quot;parent_product_id&quot;:2249,&quot;product_type&quot;:&quot;simple&quot;,&quot;show_view&quot;:false,&quot;browse_wishlist_text&quot;:&quot;Ver tus favoritos&quot;,&quot;already_in_wishslist_text&quot;:&quot;El producto ya est\\u00e1 en la lista de favoritos&quot;,&quot;product_added_text&quot;:&quot;\\u00a1Producto a\\u00f1adido!&quot;,&quot;heading_icon&quot;:&quot;&quot;,&quot;available_multi_wishlist&quot;:false,&quot;disable_wishlist&quot;:false,&quot;show_count&quot;:false,&quot;ajax_loading&quot;:false,&quot;loop_position&quot;:&quot;after_add_to_cart&quot;,&quot;product_image&quot;:&quot;&quot;,&quot;label_popup&quot;:&quot;A\\u00f1adir a Favoritos&quot;,&quot;add_to_wishlist_modal&quot;:&quot;yes&quot;,&quot;item&quot;:&quot;add_to_wishlist&quot;}\">\n\t\t\t\n\t\t\t<!-- ADD TO WISHLIST -->\n\t\t\t\n<div class=\"yith-wcwl-add-button\">\n\t<a href=\"?add_to_wishlist=2249\" rel=\"nofollow\" data-product-id=\"2249\" data-product-type=\"simple\" data-original-product-id=\"2249\" class=\"add_to_wishlist single_add_to_wishlist button alt\" data-title=\"A\u00f1adir a Favoritos\">\n\t\t\t\t<span>A\u00f1adir a Favoritos<\/span>\n\t<\/a>\n<\/div>\n\t\t\t<!-- COUNT TEXT -->\n\t\t\t\n\t\t\t<\/div>\t\t\t<\/div>\n\t\t<\/div>\n\t\t\t\t\t<\/div>\n\t\t\t<div class=\"image-tools is-small hide-for-small bottom left show-on-hover\">\n\t\t\t\t\t\t\t<\/div>\n\t\t\t<div class=\"image-tools grid-tools text-center hide-for-small bottom hover-slide-in show-on-hover\">\n\t\t\t\t<a href=\"\/tienda\/wp-json\/wp\/v2\/pages\/863?add-to-cart=2249\" aria-describedby=\"woocommerce_loop_add_to_cart_link_describedby_2249\" data-quantity=\"1\" class=\"add-to-cart-grid no-padding is-transparent product_type_simple add_to_cart_button ajax_add_to_cart\" data-product_id=\"2249\" data-product_sku=\"\" aria-label=\"A\u00f1adir al carrito: &ldquo;Pack Tratamiento Facial para Hombre &quot;Completo&quot;\u3010Homo Naturals\u3011&rdquo;\" rel=\"nofollow\" data-success_message=\"\u00abPack Tratamiento Facial para Hombre &quot;Completo&quot;\u3010Homo Naturals\u3011\u00bb se ha a\u00f1adido a tu carrito\" role=\"button\"><div class=\"cart-icon tooltip is-small\" title=\"A\u00f1adir al carrito\"><strong>+<\/strong><\/div><\/a>\t<span id=\"woocommerce_loop_add_to_cart_link_describedby_2249\" class=\"screen-reader-text\">\n\t\t\t<\/span>\n\t\t\t<\/div>\n\t\t\t\t\t<\/div>\n\n\t\t<div class=\"box-text box-text-products text-center grid-style-2\">\n\t\t\t<div class=\"title-wrapper\">\t\t<p class=\"category uppercase is-smaller no-text-overflow product-cat op-8\">\n\t\t\tPacks Belleza Hombre\t\t<\/p>\n\t<p class=\"name product-title woocommerce-loop-product__title\"><a href=\"https:\/\/mensandbeauty.com\/tienda\/pack-tratamiento-facial-hombre-homo-naturals\/\" class=\"woocommerce-LoopProduct-link woocommerce-loop-product__link\">Pack Tratamiento Facial para Hombre \u00abCompleto\u00bb\u3010Homo Naturals\u3011<\/a><\/p><\/div><div class=\"price-wrapper\">\n\t<span class=\"price\"><span class=\"woocommerce-Price-amount amount\"><bdi>87,00<span class=\"woocommerce-Price-currencySymbol\">&euro;<\/span><\/bdi><\/span><\/span>\n<\/div>\t\t<\/div>\n\t<\/div>\n\t<span class=\"gtm4wp_productdata\" style=\"display:none; visibility:hidden;\" data-gtm4wp_product_data=\"{&quot;internal_id&quot;:2249,&quot;item_id&quot;:2249,&quot;item_name&quot;:&quot;Pack Tratamiento Facial para Hombre \\&quot;Completo\\&quot;\\u3010Homo Naturals\\u3011&quot;,&quot;sku&quot;:2249,&quot;price&quot;:87,&quot;stocklevel&quot;:null,&quot;stockstatus&quot;:&quot;instock&quot;,&quot;google_business_vertical&quot;:&quot;retail&quot;,&quot;item_category&quot;:&quot;Packs Belleza Hombre&quot;,&quot;id&quot;:2249,&quot;productlink&quot;:&quot;https:\\\/\\\/mensandbeauty.com\\\/tienda\\\/pack-tratamiento-facial-hombre-homo-naturals\\\/&quot;,&quot;item_list_name&quot;:&quot;Lista general de productos&quot;,&quot;index&quot;:1,&quot;product_type&quot;:&quot;simple&quot;,&quot;item_brand&quot;:&quot;&quot;}\"><\/span>\t<\/div>\n<\/div><\/div>\n\n\n\t\t<\/div>\n\t\t\t\t\t<\/div>\n\n\t\n\n<\/div>\n\n\t\t<\/div>\n\n\t\t\n<style>\n#section_1966735653 {\n  padding-top: 0px;\n  padding-bottom: 0px;\n}\n<\/style>\n\t<\/section>\n\t\n\n\t<section class=\"section\" id=\"section_1530539298\">\n\t\t<div class=\"section-bg fill\" >\n\t\t\t\t\t\t\t\t\t\n\t\t\t\n\n\t\t<\/div>\n\n\t\t\n\n\t\t<div class=\"section-content relative\">\n\t\t\t\n\n<div class=\"row align-center\"  id=\"row-1557507196\">\n\n\n\t<div id=\"col-1168270511\" class=\"col small-6 large-12\"  >\n\t\t\t\t<div class=\"col-inner\"  >\n\t\t\t\n\t\t\t\n\n\n\t<section class=\"section\" id=\"section_1108396054\">\n\t\t<div class=\"section-bg fill\" >\n\t\t\t\t\t\t\t\t\t\n\t\t\t\n\n\t\t<\/div>\n\n\t\t\n\n\t\t<div class=\"section-content relative\">\n\t\t\t\n\n<div class=\"row\"  id=\"row-61662635\">\n\n\n\t<div id=\"col-2041542089\" class=\"col small-12 large-12\"  >\n\t\t\t\t<div class=\"col-inner\"  >\n\t\t\t\n\t\t\t\n\n<!-- FeedbackWP Plugin --><div        class=\"rmp-widgets-container rmp-wp-plugin rmp-main-container js-rmp-widgets-container js-rmp-widgets-container--2249 \"        data-post-id=\"2249\">        <!-- Rating widget -->    <div class=\"rmp-rating-widget js-rmp-rating-widget\" role=\"group\" aria-labelledby=\"rmp-title-2249\">                    <p class=\"rmp-heading rmp-heading--title\" id=\"rmp-title-2249\">                \u00bfTe ha gustado el contenido?            <\/p>                        <div class=\"rmp-rating-widget__icons\">            <ul class=\"rmp-rating-widget__icons-list js-rmp-rating-icons-list\" role=\"radiogroup\" aria-label=\"Rating from 1 to 5\">                                                        <li                            class=\"rmp-rating-widget__icons-list__icon js-rmp-rating-item\"                            data-descriptive-rating=\"\"                            data-value=\"1\"                            role=\"radio\"                            aria-checked=\"false\"                            aria-label=\"1 out of 5: \"                            tabindex=\"0\"                    >                        <i class=\"js-rmp-rating-icon rmp-icon rmp-icon--ratings rmp-icon--star \" aria-hidden=\"true\"><\/i>                    <\/li>                                                        <li                            class=\"rmp-rating-widget__icons-list__icon js-rmp-rating-item\"                            data-descriptive-rating=\"\"                            data-value=\"2\"                            role=\"radio\"                            aria-checked=\"false\"                            aria-label=\"2 out of 5: \"                            tabindex=\"-1\"                    >                        <i class=\"js-rmp-rating-icon rmp-icon rmp-icon--ratings rmp-icon--star \" aria-hidden=\"true\"><\/i>                    <\/li>                                                        <li                            class=\"rmp-rating-widget__icons-list__icon js-rmp-rating-item\"                            data-descriptive-rating=\"\"                            data-value=\"3\"                            role=\"radio\"                            aria-checked=\"false\"                            aria-label=\"3 out of 5: \"                            tabindex=\"-1\"                    >                        <i class=\"js-rmp-rating-icon rmp-icon rmp-icon--ratings rmp-icon--star \" aria-hidden=\"true\"><\/i>                    <\/li>                                                        <li                            class=\"rmp-rating-widget__icons-list__icon js-rmp-rating-item\"                            data-descriptive-rating=\"\"                            data-value=\"4\"                            role=\"radio\"                            aria-checked=\"false\"                            aria-label=\"4 out of 5: \"                            tabindex=\"-1\"                    >                        <i class=\"js-rmp-rating-icon rmp-icon rmp-icon--ratings rmp-icon--star \" aria-hidden=\"true\"><\/i>                    <\/li>                                                        <li                            class=\"rmp-rating-widget__icons-list__icon js-rmp-rating-item\"                            data-descriptive-rating=\"\"                            data-value=\"5\"                            role=\"radio\"                            aria-checked=\"false\"                            aria-label=\"5 out of 5: \"                            tabindex=\"-1\"                    >                        <i class=\"js-rmp-rating-icon rmp-icon rmp-icon--ratings rmp-icon--star \" aria-hidden=\"true\"><\/i>                    <\/li>                            <\/ul>        <\/div>        <p class=\"rmp-rating-widget__hover-text js-rmp-hover-text\" aria-live=\"polite\"><\/p>                <button class=\"rmp-rating-widget__submit-btn rmp-btn js-submit-rating-btn\">                    <\/button>        <div aria-live=\"polite\" aria-atomic=\"true\">            <p class=\"rmp-rating-widget__results js-rmp-results rmp-rating-widget__results--hidden\">                Puntuaci\u00f3n media <span class=\"rmp-rating-widget__results__rating js-rmp-avg-rating\">0<\/span> \/ 5. Votos: <span class=\"rmp-rating-widget__results__votes js-rmp-vote-count\">0<\/span>            <\/p>            <p class=\"rmp-rating-widget__not-rated js-rmp-not-rated \">                \u00a1Todav\u00eda no hay votos! S\u00e9 el primero en valorar el contenido.            <\/p>            <p class=\"rmp-rating-widget__msg js-rmp-msg\" role=\"status\"><\/p>        <\/div>    <\/div>    <!--Structured data -->                <\/div>\n\n\t\t<\/div>\n\t\t\t\t\n<style>\n#col-2041542089 > .col-inner {\n  margin: 0px 0px -30px 0px;\n}\n<\/style>\n\t<\/div>\n\n\t\n\n<\/div>\n\n\t\t<\/div>\n\n\t\t\n<style>\n#section_1108396054 {\n  padding-top: 0px;\n  padding-bottom: 0px;\n}\n<\/style>\n\t<\/section>\n\t\n\n\n\t\t<\/div>\n\t\t\t\t\t<\/div>\n\n\t\n\n<\/div>\n\n\t\t<\/div>\n\n\t\t\n<style>\n#section_1530539298 {\n  padding-top: 0px;\n  padding-bottom: 0px;\n}\n<\/style>\n\t<\/section>\n\t\n\n","protected":false},"excerpt":{"rendered":"","protected":false},"author":1,"featured_media":0,"parent":0,"menu_order":0,"comment_status":"open","ping_status":"closed","template":"page-blank.php","meta":{"footnotes":""},"class_list":["post-863","page","type-page","status-publish","hentry"],"jetpack_likes_enabled":true,"jetpack_sharing_enabled":true,"_links":{"self":[{"href":"https:\/\/mensandbeauty.com\/tienda\/wp-json\/wp\/v2\/pages\/863","targetHints":{"allow":["GET"]}}],"collection":[{"href":"https:\/\/mensandbeauty.com\/tienda\/wp-json\/wp\/v2\/pages"}],"about":[{"href":"https:\/\/mensandbeauty.com\/tienda\/wp-json\/wp\/v2\/types\/page"}],"author":[{"embeddable":true,"href":"https:\/\/mensandbeauty.com\/tienda\/wp-json\/wp\/v2\/users\/1"}],"replies":[{"embeddable":true,"href":"https:\/\/mensandbeauty.com\/tienda\/wp-json\/wp\/v2\/comments?post=863"}],"version-history":[{"count":0,"href":"https:\/\/mensandbeauty.com\/tienda\/wp-json\/wp\/v2\/pages\/863\/revisions"}],"wp:attachment":[{"href":"https:\/\/mensandbeauty.com\/tienda\/wp-json\/wp\/v2\/media?parent=863"}],"curies":[{"name":"wp","href":"https:\/\/api.w.org\/{rel}","templated":true}]}}