{"id":716,"date":"2019-04-29T10:09:05","date_gmt":"2019-04-29T08:09:05","guid":{"rendered":"https:\/\/mensandbeauty.com\/tienda\/?page_id=716"},"modified":"2021-08-29T11:17:53","modified_gmt":"2021-08-29T09:17:53","slug":"muhle-shaving","status":"publish","type":"page","link":"https:\/\/mensandbeauty.com\/tienda\/muhle-shaving\/","title":{"rendered":"M\u00dcHLE Shaving"},"content":{"rendered":"\n  <div id=\"page-header-541401528\" class=\"page-header-wrapper\">\n  <div class=\"page-title dark normal-title\">\n\n    \n    <div class=\"page-title-inner container align-center text-center flex-row-col medium-flex-wrap\" >\n              <div class=\"title-wrapper flex-col\">\n          <h1 class=\"entry-title mb-0\">\n            M\u00dcHLE Shaving          <\/h1>\n        <\/div>\n                    <div class=\"title-content flex-col\">\n        <div class=\"title-breadcrumbs pb-half pt-half\"><nav class=\"woocommerce-breadcrumb breadcrumbs uppercase\" aria-label=\"Breadcrumb\">Inicio<\/nav><\/div>      <\/div>\n    <\/div>\n\n     \n<style>\n#page-header-541401528 .page-title-inner {\n  min-height: 200px;\n}\n#page-header-541401528 {\n  margin-bottom: 60px;\n}\n<\/style>\n  <\/div>\n    <\/div>\n  \n\n\n\t<section class=\"section\" id=\"section_1902998648\">\n\t\t<div class=\"section-bg fill\" >\n\t\t\t\t\t\t\t\t\t\n\t\t\t\n\n\t\t<\/div>\n\n\t\t\n\n\t\t<div class=\"section-content relative\">\n\t\t\t\n\n<div class=\"row\"  id=\"row-879035318\">\n\n\n\t<div id=\"col-1045535910\" class=\"col small-12 large-12\"  >\n\t\t\t\t<div class=\"col-inner\"  >\n\t\t\t\n\t\t\t\n\n<p><a name=\"marca\"><\/a><strong>M\u00dcHLE <\/strong>naci\u00f3 poco despu\u00e9s de finalizar la Segunda Guerra Mundial en St\u00fctzen Gr\u00fcn, una peque\u00f1a localidad del estado alem\u00e1n de la Baja Sajonia. Fundada en 1945 por la<strong> familia M\u00fcller<\/strong>, en sus inicios comenz\u00f3<strong> fabricando brochas de afeitar<\/strong> en las que aparec\u00eda grabada, en forma de adorno, la imagen de un molino (M\u00dcHLE). A partir de ese momento, la marca fundada por la familia M\u00fcller pas\u00f3 a denominarse M\u00dcHLE. Nada hac\u00eda prever en aquellos d\u00edas que el peque\u00f1o negocio surgido en un modesto lavadero y cercano a un viejo molino, acabar\u00eda convirti\u00e9ndose con el paso del tiempo en <strong>uno de los principales fabricantes del mundo de art\u00edculos de lujo para el afeitado tradicional<\/strong>.<\/p>\n<p>Esta marca de belleza, si no la conoces, es <strong>sin\u00f3nimo de alta calidad<\/strong>. M\u00dcHLE es actualmente la marca privada de la empresa Hans-J\u00fcrgen M\u00fcller GmbH &amp; Co. KG y ahora son el \u00fanico fabricante del mundo que produce una<strong> gama completa de productos de calidad superior para el afeitado del hombre<\/strong>. La empresa combina la experiencia industrial con un alto grado de destreza artesanal, convirti\u00e9ndose de esa manera en una empresa eficiente e innovadora.&nbsp;Fieles a su filosof\u00eda, promueven la <strong>cultura del afeitado<\/strong> a todos los niveles mejorando la calidad de vida, y transformando una labor cotidiana (o no), en una alegr\u00eda.<\/p>\n\n\t\t<\/div>\n\t\t\t\t\t<\/div>\n\n\t\n\n<\/div>\n\n\t\t<\/div>\n\n\t\t\n<style>\n#section_1902998648 {\n  padding-top: 0px;\n  padding-bottom: 0px;\n}\n<\/style>\n\t<\/section>\n\t\n\n\t<section class=\"section\" id=\"section_216860360\">\n\t\t<div class=\"section-bg fill\" >\n\t\t\t\t\t\t\t\t\t\n\t\t\t\n\n\t\t<\/div>\n\n\t\t\n\n\t\t<div class=\"section-content relative\">\n\t\t\t\n\n<div class=\"row\"  id=\"row-742273487\">\n\n\n\t<div id=\"col-448284148\" class=\"col small-12 large-12\"  >\n\t\t\t\t<div class=\"col-inner\"  >\n\t\t\t\n\t\t\t\n\n<h2>Productos de Belleza para el <span style=\"color: #ab8b65;\">Pelo<\/span> del Hombre de M\u00dcHLE Shaving<\/h2>\n<div class=\"is-divider divider clearfix\" style=\"margin-top:30px;margin-bottom:30px;max-width:100px;height:5px;background-color:rgb(171, 139, 101);\"><\/div>\n\n<p>El hombre cada vez se cuida m\u00e1s, es un hecho. La higiene y el cuidado del pelo y del cuero cabelludo ha pasado a primera l\u00ednea y es clave para tener un <strong>cabello suave, brillante y sano<\/strong>. \u00a1Pi\u00e9nsalo! El pelo es una parte muy importante de ti, ya que es uno de los elementos que m\u00e1s llama la atenci\u00f3n de tu look, tanto si has hecho un buen trabajo como si no lo tienes en cuenta. Ya conoces <a href=\"https:\/\/mensandbeauty.com\/cortes-de-pelo-para-hombres\">cortes de pelo y peinados<\/a> qu\u00e9 est\u00e1n de moda, pero para conseguir un cabello bonito y domable necesitas lavarlo, cuidarlo y mantenerlo con productos de belleza adecuados y hacerte cargo de la <a href=\"https:\/\/mensandbeauty.com\/caspa-remedios-champu-anticaspa\" target=\"_blank\" rel=\"noopener noreferrer\">caspa<\/a> y la <a href=\"https:\/\/mensandbeauty.com\/alopecia-caida-del-cabello\" target=\"_blank\" rel=\"noopener noreferrer\">ca\u00edda del pelo<\/a>. Para ello, queremos que conozcas los <strong>productos de belleza para el pelo<\/strong> que pone M\u00dcHLE Shaving a disposici\u00f3n del hombre.<\/p>\n\n\t\t<\/div>\n\t\t\t\t\t<\/div>\n\n\t\n\n\n<style>\n#row-742273487 > .col > .col-inner {\n  padding: 0 0px 0px 0px;\n}\n<\/style>\n<\/div>\n<div class=\"row\"  id=\"row-783946358\">\n\n\n\t<div id=\"col-1612305737\" class=\"col small-12 large-12\"  >\n\t\t\t\t<div class=\"col-inner\"  >\n\t\t\t\n\t\t\t\n\n\t\n  \n    <div class=\"row large-columns-3 medium-columns- small-columns-2 row-small has-shadow row-box-shadow-2 row-box-shadow-5-hover slider row-slider slider-nav-reveal slider-nav-push\"  data-flickity-options='{&quot;imagesLoaded&quot;: true, &quot;groupCells&quot;: &quot;100%&quot;, &quot;dragThreshold&quot; : 5, &quot;cellAlign&quot;: &quot;left&quot;,&quot;wrapAround&quot;: true,&quot;prevNextButtons&quot;: true,&quot;percentPosition&quot;: true,&quot;pageDots&quot;: false, &quot;rightToLeft&quot;: false, &quot;autoPlay&quot; : false}' >\n\n  <\/div>\n\n\n\t\t<\/div>\n\t\t\t\t\t<\/div>\n\n\t\n\n<\/div>\n<div class=\"row\"  id=\"row-1460435474\">\n\n\n\t<div id=\"col-492531607\" class=\"col small-12 large-12\"  >\n\t\t\t\t<div class=\"col-inner\"  >\n\t\t\t\n\t\t\t\n\n<a href=\"https:\/\/mensandbeauty.com\/tienda\/productos-pelo-hombre\" class=\"button primary is-xlarge lowercase expand\" >\n\t<i class=\"icon-plus\" aria-hidden=\"true\"><\/i>\t<span>Productos de belleza para el pelo del hombre<\/span>\n\t<\/a>\n\n\n\n\t\t<\/div>\n\t\t\t\t\t<\/div>\n\n\t\n\n<\/div>\n\n\t\t<\/div>\n\n\t\t\n<style>\n#section_216860360 {\n  padding-top: 0px;\n  padding-bottom: 0px;\n}\n<\/style>\n\t<\/section>\n\t\n\n\t<section class=\"section\" id=\"section_1839205965\">\n\t\t<div class=\"section-bg fill\" >\n\t\t\t\t\t\t\t\t\t\n\t\t\t\n\n\t\t<\/div>\n\n\t\t\n\n\t\t<div class=\"section-content relative\">\n\t\t\t\n\n<div class=\"row\"  id=\"row-1832704345\">\n\n\n\t<div id=\"col-447681789\" class=\"col small-12 large-12\"  >\n\t\t\t\t<div class=\"col-inner\"  >\n\t\t\t\n\t\t\t\n\n<h2>Productos de <span style=\"color: #ab8b65;\">Afeitado<\/span> para Hombre de M\u00dcHLE Shaving<\/h2>\n<div class=\"is-divider divider clearfix\" style=\"margin-top:30px;margin-bottom:30px;max-width:100px;height:5px;background-color:rgb(171, 139, 101);\"><\/div>\n\n<p>Ning\u00fan hombre se libra del proceso de <strong>afeitado o rasurado diario<\/strong> y conoce los problemas relacionados con dicho ritual. Y es que, aunque no hay nada tan agradable como un <strong>rostro suave y bien afeitado<\/strong>, afeitarse cada d\u00eda puede llegar a convertirse en un calvario para la <a href=\"https:\/\/mensandbeauty.com\/tipos-de-piel\" target=\"_blank\" rel=\"noopener noreferrer\">piel del hombre<\/a>. Para proteger la piel contra la irritaci\u00f3n, adem\u00e1s de <strong>dedicar m\u00e1s tiempo al afeitado<\/strong> y comprar productos de calidad, tienes que <strong>realizar un pre afeitado<\/strong> para preparar tu piel para la cuchilla o m\u00e1quina de afeitar y tener el tiempo necesario para <a href=\"https:\/\/mensandbeauty.com\/como-afeitarse-bien\" target=\"_blank\" rel=\"noopener noreferrer\">afeitarte correctamente<\/a>. Para ello, queremos que conozcas los <strong>productos para el afeitado<\/strong> que pone M\u00dcHLE Shaving a disposici\u00f3n del hombre.<\/p>\n\n\t\t<\/div>\n\t\t\t\t\t<\/div>\n\n\t\n\n\n<style>\n#row-1832704345 > .col > .col-inner {\n  padding: 0 0px 0px 0px;\n}\n<\/style>\n<\/div>\n<div class=\"row\"  id=\"row-324034985\">\n\n\n\t<div id=\"col-1036152800\" class=\"col small-12 large-12\"  >\n\t\t\t\t<div class=\"col-inner\"  >\n\t\t\t\n\t\t\t\n\n\t\n  \n    <div class=\"row large-columns-3 medium-columns- small-columns-2 row-small has-shadow row-box-shadow-2 row-box-shadow-5-hover slider row-slider slider-nav-reveal slider-nav-push\"  data-flickity-options='{&quot;imagesLoaded&quot;: true, &quot;groupCells&quot;: &quot;100%&quot;, &quot;dragThreshold&quot; : 5, &quot;cellAlign&quot;: &quot;left&quot;,&quot;wrapAround&quot;: true,&quot;prevNextButtons&quot;: true,&quot;percentPosition&quot;: true,&quot;pageDots&quot;: false, &quot;rightToLeft&quot;: false, &quot;autoPlay&quot; : false}' >\n\n  <\/div>\n\n\n\t\t<\/div>\n\t\t\t\t\t<\/div>\n\n\t\n\n<\/div>\n<div class=\"row\"  id=\"row-1704369254\">\n\n\n\t<div id=\"col-2111851804\" class=\"col small-12 large-12\"  >\n\t\t\t\t<div class=\"col-inner\"  >\n\t\t\t\n\t\t\t\n\n<a href=\"https:\/\/mensandbeauty.com\/tienda\/productos-afeitado-hombre\" class=\"button primary is-xlarge lowercase expand\" >\n\t<i class=\"icon-plus\" aria-hidden=\"true\"><\/i>\t<span>Productos de afeitado para hombre<\/span>\n\t<\/a>\n\n\n\n\t\t<\/div>\n\t\t\t\t\t<\/div>\n\n\t\n\n<\/div>\n\n\t\t<\/div>\n\n\t\t\n<style>\n#section_1839205965 {\n  padding-top: 0px;\n  padding-bottom: 0px;\n}\n<\/style>\n\t<\/section>\n\t\n\n\t<section class=\"section\" id=\"section_2103631231\">\n\t\t<div class=\"section-bg fill\" >\n\t\t\t\t\t\t\t\t\t\n\t\t\t\n\n\t\t<\/div>\n\n\t\t\n\n\t\t<div class=\"section-content relative\">\n\t\t\t\n\n<div class=\"row\"  id=\"row-1623714013\">\n\n\n\t<div id=\"col-414391559\" class=\"col small-12 large-12\"  >\n\t\t\t\t<div class=\"col-inner\"  >\n\t\t\t\n\t\t\t\n\n<h2>Productos de <span style=\"color: #ab8b65;\">Barba y Bigote<\/span> para Hombre de M\u00dcHLE Shaving<\/h2>\n<div class=\"is-divider divider clearfix\" style=\"margin-top:30px;margin-bottom:30px;max-width:100px;height:5px;background-color:rgb(171, 139, 101);\"><\/div>\n\n<p>\u00bfTe gustar\u00eda tener una barba m\u00e1s frondosa? \u00bfYa la tienes y quieres empezar a cuidarla y mantenerla? \u00a1Dejarse <strong>barba y bigote<\/strong> est\u00e1 de moda! La barba, de hecho, transmite algo dif\u00edcil de explicar que es mejor que experimentes t\u00fa mismo. Sea el <a href=\"https:\/\/mensandbeauty.com\/tipos-de-barbas\">tipo de barba y bigote<\/a> que sea, por todo Internet puedes ver cientos de ejemplos de c\u00f3mo dejarte <a href=\"https:\/\/mensandbeauty.com\/como-hacer-crecer-la-barba\">crecer la barba y el bigote<\/a>, <a href=\"https:\/\/mensandbeauty.com\/razones-para-llevar-barba\">por que hacerlo<\/a> (incluso <a href=\"https:\/\/mensandbeauty.com\/razones-no-llevar-barba\">por qu\u00e9 no<\/a>), pero muchas veces no se termina de explicar correctamente c\u00f3mo lavarla, cuidarla o mantenerla y los <strong>mejores productos para barbudos<\/strong>. Para ello, queremos que conozcas los <strong>productos para barba y bigote<\/strong> que <strong>pone M\u00dcHLE Shaving<\/strong> a disposici\u00f3n del hombre.<\/p>\n\n\t\t<\/div>\n\t\t\t\t\t<\/div>\n\n\t\n\n\n<style>\n#row-1623714013 > .col > .col-inner {\n  padding: 0 0px 0px 0px;\n}\n<\/style>\n<\/div>\n<div class=\"row\"  id=\"row-396901896\">\n\n\n\t<div id=\"col-319395626\" class=\"col small-12 large-12\"  >\n\t\t\t\t<div class=\"col-inner\"  >\n\t\t\t\n\t\t\t\n\n\t\n  \n    <div class=\"row large-columns-3 medium-columns- small-columns-2 row-small has-shadow row-box-shadow-2 row-box-shadow-5-hover slider row-slider slider-nav-reveal slider-nav-push\"  data-flickity-options='{&quot;imagesLoaded&quot;: true, &quot;groupCells&quot;: &quot;100%&quot;, &quot;dragThreshold&quot; : 5, &quot;cellAlign&quot;: &quot;left&quot;,&quot;wrapAround&quot;: true,&quot;prevNextButtons&quot;: true,&quot;percentPosition&quot;: true,&quot;pageDots&quot;: false, &quot;rightToLeft&quot;: false, &quot;autoPlay&quot; : false}' >\n\n  <\/div>\n\n\n\t\t<\/div>\n\t\t\t\t\t<\/div>\n\n\t\n\n<\/div>\n<div class=\"row\"  id=\"row-797946335\">\n\n\n\t<div id=\"col-1545264262\" class=\"col small-12 large-12\"  >\n\t\t\t\t<div class=\"col-inner\"  >\n\t\t\t\n\t\t\t\n\n<a href=\"https:\/\/mensandbeauty.com\/tienda\/productos-barba-bigote\" class=\"button primary is-xlarge lowercase expand\" >\n\t<i class=\"icon-plus\" aria-hidden=\"true\"><\/i>\t<span>Productos de barba y bigote para hombre<\/span>\n\t<\/a>\n\n\n\n\t\t<\/div>\n\t\t\t\t\t<\/div>\n\n\t\n\n<\/div>\n\n\t\t<\/div>\n\n\t\t\n<style>\n#section_2103631231 {\n  padding-top: 0px;\n  padding-bottom: 0px;\n}\n<\/style>\n\t<\/section>\n\t\n\n\t<section class=\"section\" id=\"section_975268798\">\n\t\t<div class=\"section-bg fill\" >\n\t\t\t\t\t\t\t\t\t\n\t\t\t\n\n\t\t<\/div>\n\n\t\t\n\n\t\t<div class=\"section-content relative\">\n\t\t\t\n\n<div class=\"row\"  id=\"row-563368738\">\n\n\n\t<div id=\"col-585068811\" class=\"col small-12 large-12\"  >\n\t\t\t\t<div class=\"col-inner\"  >\n\t\t\t\n\t\t\t\n\n<h2>Productos de Belleza <span style=\"color: #ab8b65;\">Faciales<\/span> para Hombre de M\u00dcHLE Shaving<\/h2>\n<div class=\"is-divider divider clearfix\" style=\"margin-top:30px;margin-bottom:30px;max-width:100px;height:5px;background-color:rgb(171, 139, 101);\"><\/div>\n\n<p>\u00bfLimpias, cuidas y proteges a diario la <strong>piel de tu rostro<\/strong>? \u00bf? Seguro que si eres hombre has escuchado m\u00e1s de una vez, \u201cun poco de agua y jab\u00f3n y listo\u201d, pero esto no es as\u00ed y probablemente tu piel nunca estar\u00e1 limpia, protegida y sana. Te <a href=\"https:\/\/mensandbeauty.com\/maquillaje-para-hombres\" target=\"_blank\" rel=\"noopener noreferrer\">maquilles<\/a> o no, por desconocimiento (y vaguer\u00eda), los hombres tendemos a \u201cpasar\u201d del <strong>cuidado diario del cutis<\/strong> y no realizar una <a href=\"https:\/\/mensandbeauty.com\/rutina-cuidado-facial-hombre\" target=\"_blank\" rel=\"noopener noreferrer\">rutina de limpieza facial<\/a> que incluya la <strong>exfoliaci\u00f3n, limpieza, hidrataci\u00f3n y protecci\u00f3n de la piel de la cara<\/strong>. De hecho, aunque hay algunos que, s\u00ed que se atreven, muchas veces no es suficiente, ya que la piel del rostro requiere de ciertos <strong>cuidados y mimos en mayor profundidad<\/strong> para conservar su luminosidad y brillo. Para ello, queremos que conozcas los <strong>productos de belleza faciales<\/strong> que pone M\u00dcHLE Shaving a disposici\u00f3n del hombre.<\/p>\n\n\t\t<\/div>\n\t\t\t\t\t<\/div>\n\n\t\n\n\n<style>\n#row-563368738 > .col > .col-inner {\n  padding: 0 0px 0px 0px;\n}\n<\/style>\n<\/div>\n<div class=\"row\"  id=\"row-1217310410\">\n\n\n\t<div id=\"col-22165724\" class=\"col small-12 large-12\"  >\n\t\t\t\t<div class=\"col-inner\"  >\n\t\t\t\n\t\t\t\n\n\t\n  \n    <div class=\"row large-columns-3 medium-columns- small-columns-2 row-small has-shadow row-box-shadow-2 row-box-shadow-5-hover slider row-slider slider-nav-reveal slider-nav-push\"  data-flickity-options='{&quot;imagesLoaded&quot;: true, &quot;groupCells&quot;: &quot;100%&quot;, &quot;dragThreshold&quot; : 5, &quot;cellAlign&quot;: &quot;left&quot;,&quot;wrapAround&quot;: true,&quot;prevNextButtons&quot;: true,&quot;percentPosition&quot;: true,&quot;pageDots&quot;: false, &quot;rightToLeft&quot;: false, &quot;autoPlay&quot; : false}' >\n\n  <\/div>\n\n\n\t\t<\/div>\n\t\t\t\t\t<\/div>\n\n\t\n\n<\/div>\n<div class=\"row\"  id=\"row-1859564039\">\n\n\n\t<div id=\"col-1877132083\" class=\"col small-12 large-12\"  >\n\t\t\t\t<div class=\"col-inner\"  >\n\t\t\t\n\t\t\t\n\n<a href=\"https:\/\/mensandbeauty.com\/tienda\/cuidado-facial-hombre\" class=\"button primary is-xlarge lowercase expand\" >\n\t<i class=\"icon-plus\" aria-hidden=\"true\"><\/i>\t<span>Productos de belleza faciales para hombre<\/span>\n\t<\/a>\n\n\n\n\t\t<\/div>\n\t\t\t\t\t<\/div>\n\n\t\n\n<\/div>\n\n\t\t<\/div>\n\n\t\t\n<style>\n#section_975268798 {\n  padding-top: 0px;\n  padding-bottom: 0px;\n}\n<\/style>\n\t<\/section>\n\t\n\n\t<section class=\"section\" id=\"section_227729114\">\n\t\t<div class=\"section-bg fill\" >\n\t\t\t\t\t\t\t\t\t\n\t\t\t\n\n\t\t<\/div>\n\n\t\t\n\n\t\t<div class=\"section-content relative\">\n\t\t\t\n\n<div class=\"row\"  id=\"row-1918743783\">\n\n\n\t<div id=\"col-669136003\" class=\"col small-12 large-12\"  >\n\t\t\t\t<div class=\"col-inner\"  >\n\t\t\t\n\t\t\t\n\n<h2>Productos de Belleza <span style=\"color: #ab8b65;\">Corporales<\/span> para Hombre de M\u00dcHLE Shaving<\/h2>\n<div class=\"is-divider divider clearfix\" style=\"margin-top:30px;margin-bottom:30px;max-width:100px;height:5px;background-color:rgb(171, 139, 101);\"><\/div>\n\n<p>\u00bfTienes una <strong>rutina de limpieza, cuidado y mantenimiento de la piel de tu cuerpo<\/strong>? Contaminaci\u00f3n, sol, fr\u00edo, estr\u00e9s, alcohol, tabaco, alimentaci\u00f3n, etc., son muchos los factores que juegan un <strong>papel nefasto en la piel del cuerpo<\/strong>. T\u00fa, como hombre, adem\u00e1s, tienes tendencia a que tu piel sea m\u00e1s espesa (entre un 15 y un 20%), por lo que es importante que pongas en marcha una serie de <strong>cuidados diarios<\/strong> (al menos puntuales) que van a permitir <strong>aliviar, hidratar y reafirmar<\/strong> la<strong> piel de todo el cuerpo <\/strong>y de las <strong>manos y pies<\/strong>. Esto no quiere decir que tengas que pasar 1 hora en el ba\u00f1o acical\u00e1ndote, sino de que te asegures de que utilizas <strong>productos cosm\u00e9ticos<\/strong> de calidad adaptados a tu tipo de piel. Para ello, queremos que conozcas los <strong>productos de belleza corporales <\/strong>que pone M\u00dcHLE Shaving a disposici\u00f3n del hombre.<\/p>\n\n\t\t<\/div>\n\t\t\t\t\t<\/div>\n\n\t\n\n\n<style>\n#row-1918743783 > .col > .col-inner {\n  padding: 0 0px 0px 0px;\n}\n<\/style>\n<\/div>\n<div class=\"row\"  id=\"row-650714443\">\n\n\n\t<div id=\"col-698455111\" class=\"col small-12 large-12\"  >\n\t\t\t\t<div class=\"col-inner\"  >\n\t\t\t\n\t\t\t\n\n\t\n  \n    <div class=\"row large-columns-3 medium-columns- small-columns-2 row-small has-shadow row-box-shadow-2 row-box-shadow-5-hover slider row-slider slider-nav-reveal slider-nav-push\"  data-flickity-options='{&quot;imagesLoaded&quot;: true, &quot;groupCells&quot;: &quot;100%&quot;, &quot;dragThreshold&quot; : 5, &quot;cellAlign&quot;: &quot;left&quot;,&quot;wrapAround&quot;: true,&quot;prevNextButtons&quot;: true,&quot;percentPosition&quot;: true,&quot;pageDots&quot;: false, &quot;rightToLeft&quot;: false, &quot;autoPlay&quot; : false}' >\n\n  <\/div>\n\n\n\t\t<\/div>\n\t\t\t\t\t<\/div>\n\n\t\n\n<\/div>\n<div class=\"row\"  id=\"row-1015759662\">\n\n\n\t<div id=\"col-1721972722\" class=\"col small-12 large-12\"  >\n\t\t\t\t<div class=\"col-inner\"  >\n\t\t\t\n\t\t\t\n\n<a href=\"https:\/\/mensandbeauty.com\/tienda\/cuidado-corporal-hombre\" class=\"button primary is-xlarge lowercase expand\" >\n\t<i class=\"icon-plus\" aria-hidden=\"true\"><\/i>\t<span>Productos de belleza corporales para hombre<\/span>\n\t<\/a>\n\n\n\n\t\t<\/div>\n\t\t\t\t\t<\/div>\n\n\t\n\n<\/div>\n\n\t\t<\/div>\n\n\t\t\n<style>\n#section_227729114 {\n  padding-top: 0px;\n  padding-bottom: 0px;\n}\n<\/style>\n\t<\/section>\n\t\n\n\t<section class=\"section\" id=\"section_1217996202\">\n\t\t<div class=\"section-bg fill\" >\n\t\t\t\t\t\t\t\t\t\n\t\t\t\n\n\t\t<\/div>\n\n\t\t\n\n\t\t<div class=\"section-content relative\">\n\t\t\t\n\n<div class=\"row align-center\"  id=\"row-726675261\">\n\n\n\t<div id=\"col-2074844135\" class=\"col small-6 large-12\"  >\n\t\t\t\t<div class=\"col-inner\"  >\n\t\t\t\n\t\t\t\n\n\n\t<section class=\"section\" id=\"section_1264089987\">\n\t\t<div class=\"section-bg fill\" >\n\t\t\t\t\t\t\t\t\t\n\t\t\t\n\n\t\t<\/div>\n\n\t\t\n\n\t\t<div class=\"section-content relative\">\n\t\t\t\n\n<div class=\"row\"  id=\"row-1098855396\">\n\n\n\t<div id=\"col-1870734401\" class=\"col small-12 large-12\"  >\n\t\t\t\t<div class=\"col-inner\"  >\n\t\t\t\n\t\t\t\n\n<!-- FeedbackWP Plugin --><div        class=\"rmp-widgets-container rmp-wp-plugin rmp-main-container js-rmp-widgets-container js-rmp-widgets-container--716 \"        data-post-id=\"716\">        <!-- Rating widget -->    <div class=\"rmp-rating-widget js-rmp-rating-widget\" role=\"group\" aria-labelledby=\"rmp-title-716\">                    <p class=\"rmp-heading rmp-heading--title\" id=\"rmp-title-716\">                \u00bfTe ha gustado el contenido?            <\/p>                        <div class=\"rmp-rating-widget__icons\">            <ul class=\"rmp-rating-widget__icons-list js-rmp-rating-icons-list\" role=\"radiogroup\" aria-label=\"Rating from 1 to 5\">                                                        <li                            class=\"rmp-rating-widget__icons-list__icon js-rmp-rating-item\"                            data-descriptive-rating=\"\"                            data-value=\"1\"                            role=\"radio\"                            aria-checked=\"false\"                            aria-label=\"1 out of 5: \"                            tabindex=\"0\"                    >                        <i class=\"js-rmp-rating-icon rmp-icon rmp-icon--ratings rmp-icon--star rmp-icon--full-highlight\" aria-hidden=\"true\"><\/i>                    <\/li>                                                        <li                            class=\"rmp-rating-widget__icons-list__icon js-rmp-rating-item\"                            data-descriptive-rating=\"\"                            data-value=\"2\"                            role=\"radio\"                            aria-checked=\"false\"                            aria-label=\"2 out of 5: \"                            tabindex=\"-1\"                    >                        <i class=\"js-rmp-rating-icon rmp-icon rmp-icon--ratings rmp-icon--star rmp-icon--full-highlight\" aria-hidden=\"true\"><\/i>                    <\/li>                                                        <li                            class=\"rmp-rating-widget__icons-list__icon js-rmp-rating-item\"                            data-descriptive-rating=\"\"                            data-value=\"3\"                            role=\"radio\"                            aria-checked=\"false\"                            aria-label=\"3 out of 5: \"                            tabindex=\"-1\"                    >                        <i class=\"js-rmp-rating-icon rmp-icon rmp-icon--ratings rmp-icon--star rmp-icon--full-highlight\" aria-hidden=\"true\"><\/i>                    <\/li>                                                        <li                            class=\"rmp-rating-widget__icons-list__icon js-rmp-rating-item\"                            data-descriptive-rating=\"\"                            data-value=\"4\"                            role=\"radio\"                            aria-checked=\"false\"                            aria-label=\"4 out of 5: \"                            tabindex=\"-1\"                    >                        <i class=\"js-rmp-rating-icon rmp-icon rmp-icon--ratings rmp-icon--star rmp-icon--full-highlight\" aria-hidden=\"true\"><\/i>                    <\/li>                                                        <li                            class=\"rmp-rating-widget__icons-list__icon js-rmp-rating-item\"                            data-descriptive-rating=\"\"                            data-value=\"5\"                            role=\"radio\"                            aria-checked=\"false\"                            aria-label=\"5 out of 5: \"                            tabindex=\"-1\"                    >                        <i class=\"js-rmp-rating-icon rmp-icon rmp-icon--ratings rmp-icon--star rmp-icon--full-highlight\" aria-hidden=\"true\"><\/i>                    <\/li>                            <\/ul>        <\/div>        <p class=\"rmp-rating-widget__hover-text js-rmp-hover-text\" aria-live=\"polite\"><\/p>                <button class=\"rmp-rating-widget__submit-btn rmp-btn js-submit-rating-btn\">                    <\/button>        <div aria-live=\"polite\" aria-atomic=\"true\">            <p class=\"rmp-rating-widget__results js-rmp-results \">                Puntuaci\u00f3n media <span class=\"rmp-rating-widget__results__rating js-rmp-avg-rating\">5<\/span> \/ 5. Votos: <span class=\"rmp-rating-widget__results__votes js-rmp-vote-count\">51<\/span>            <\/p>            <p class=\"rmp-rating-widget__not-rated js-rmp-not-rated rmp-rating-widget__not-rated--hidden\">                \u00a1Todav\u00eda no hay votos! S\u00e9 el primero en valorar el contenido.            <\/p>            <p class=\"rmp-rating-widget__msg js-rmp-msg\" role=\"status\"><\/p>        <\/div>    <\/div>    <!--Structured data -->                <\/div>\n\n\t\t<\/div>\n\t\t\t\t\n<style>\n#col-1870734401 > .col-inner {\n  margin: 0px 0px -30px 0px;\n}\n<\/style>\n\t<\/div>\n\n\t\n\n<\/div>\n\n\t\t<\/div>\n\n\t\t\n<style>\n#section_1264089987 {\n  padding-top: 0px;\n  padding-bottom: 0px;\n}\n<\/style>\n\t<\/section>\n\t\n\n\n\t\t<\/div>\n\t\t\t\t\t<\/div>\n\n\t\n\n<\/div>\n\n\t\t<\/div>\n\n\t\t\n<style>\n#section_1217996202 {\n  padding-top: 0px;\n  padding-bottom: 0px;\n}\n<\/style>\n\t<\/section>\n\t\n\n","protected":false},"excerpt":{"rendered":"","protected":false},"author":1,"featured_media":1296,"parent":0,"menu_order":0,"comment_status":"open","ping_status":"closed","template":"page-blank.php","meta":{"footnotes":""},"class_list":["post-716","page","type-page","status-publish","has-post-thumbnail","hentry"],"jetpack_likes_enabled":true,"jetpack_sharing_enabled":true,"_links":{"self":[{"href":"https:\/\/mensandbeauty.com\/tienda\/wp-json\/wp\/v2\/pages\/716","targetHints":{"allow":["GET"]}}],"collection":[{"href":"https:\/\/mensandbeauty.com\/tienda\/wp-json\/wp\/v2\/pages"}],"about":[{"href":"https:\/\/mensandbeauty.com\/tienda\/wp-json\/wp\/v2\/types\/page"}],"author":[{"embeddable":true,"href":"https:\/\/mensandbeauty.com\/tienda\/wp-json\/wp\/v2\/users\/1"}],"replies":[{"embeddable":true,"href":"https:\/\/mensandbeauty.com\/tienda\/wp-json\/wp\/v2\/comments?post=716"}],"version-history":[{"count":0,"href":"https:\/\/mensandbeauty.com\/tienda\/wp-json\/wp\/v2\/pages\/716\/revisions"}],"wp:featuredmedia":[{"embeddable":true,"href":"https:\/\/mensandbeauty.com\/tienda\/wp-json\/wp\/v2\/media\/1296"}],"wp:attachment":[{"href":"https:\/\/mensandbeauty.com\/tienda\/wp-json\/wp\/v2\/media?parent=716"}],"curies":[{"name":"wp","href":"https:\/\/api.w.org\/{rel}","templated":true}]}}