{"id":5387,"date":"2019-08-20T19:26:23","date_gmt":"2019-08-20T17:26:23","guid":{"rendered":"https:\/\/mensandbeauty.com\/tienda\/?page_id=5387"},"modified":"2021-08-29T11:19:10","modified_gmt":"2021-08-29T09:19:10","slug":"preguntas-frecuentes","status":"publish","type":"page","link":"https:\/\/mensandbeauty.com\/tienda\/preguntas-frecuentes\/","title":{"rendered":"Preguntas Frecuentes"},"content":{"rendered":"\n  <div id=\"page-header-934592899\" class=\"page-header-wrapper\">\n  <div class=\"page-title dark normal-title\">\n\n    \n    <div class=\"page-title-inner container align-center text-center flex-row-col medium-flex-wrap\" >\n              <div class=\"title-wrapper flex-col\">\n          <h1 class=\"entry-title mb-0\">\n            Preguntas Frecuentes          <\/h1>\n        <\/div>\n                    <div class=\"title-content flex-col\">\n        <div class=\"title-breadcrumbs pb-half pt-half\"><nav class=\"woocommerce-breadcrumb breadcrumbs uppercase\" aria-label=\"Breadcrumb\">Inicio<\/nav><\/div>      <\/div>\n    <\/div>\n\n     \n<style>\n#page-header-934592899 .page-title-inner {\n  min-height: 200px;\n}\n#page-header-934592899 {\n  margin-bottom: 60px;\n}\n<\/style>\n  <\/div>\n    <\/div>\n  \n\n\n\t<section class=\"section\" id=\"section_593317946\">\n\t\t<div class=\"section-bg fill\" >\n\t\t\t\t\t\t\t\t\t\n\t\t\t\n\n\t\t<\/div>\n\n\t\t\n\n\t\t<div class=\"section-content relative\">\n\t\t\t\n\n<div class=\"row\"  id=\"row-34327414\">\n\n\n\t<div id=\"col-153720709\" class=\"col small-12 large-12\"  >\n\t\t\t\t<div class=\"col-inner\"  >\n\t\t\t\n\t\t\t\n\n<p>Nuestra <a href=\"https:\/\/mensandbeauty.com\/tienda\/\" target=\"_blank\" rel=\"noopener noreferrer\">tienda de belleza para hombre<\/a> est\u00e1 pensada para que<strong> sea f\u00e1cil navegar y comprar<\/strong>. Hemos invertido mucho tiempo en crear una experiencia de usuario que tu puedas aprovechar y con la que sea muy f\u00e1cil elegir el producto que m\u00e1s te conviene. De todas maneras, entendemos siempre puedes surgir dudas o preguntas, por lo que <strong>nos hemos adelantado a muchas de ellas<\/strong> para que puedas tener una respuesta eficaz.<\/p>\n\n\t\t<\/div>\n\t\t\t\t\t<\/div>\n\n\t\n\n\n<style>\n#row-34327414 > .col > .col-inner {\n  padding: 0 0px 0px 0px;\n}\n<\/style>\n<\/div>\n\n\t\t<\/div>\n\n\t\t\n<style>\n#section_593317946 {\n  padding-top: 0px;\n  padding-bottom: 0px;\n}\n<\/style>\n\t<\/section>\n\t\n\n\t<section class=\"section\" id=\"section_1686021124\">\n\t\t<div class=\"section-bg fill\" >\n\t\t\t\t\t\t\t\t\t\n\t\t\t\n\n\t\t<\/div>\n\n\t\t\n\n\t\t<div class=\"section-content relative\">\n\t\t\t\n\n<div class=\"row\"  id=\"row-92330220\">\n\n\n\t<div id=\"col-467231602\" class=\"col small-12 large-12\"  >\n\t\t\t\t<div class=\"col-inner\"  >\n\t\t\t\n\t\t\t\n\n<h2>Preguntas Frecuentes sobre <span style=\"color: #ab8b65;\">Env\u00edos<\/span><\/h2>\n<div class=\"is-divider divider clearfix\" style=\"margin-top:30px;margin-bottom:30px;max-width:100px;height:5px;background-color:rgb(171, 139, 101);\"><\/div>\n\n<div class=\"accordion\">\n\n\t<div id=\"accordion-1477263308\" class=\"accordion-item\">\n\t\t<a id=\"accordion-1477263308-label\" class=\"accordion-title plain\" href=\"#accordion-item-\u00bfqu\u00e9-m\u00e9todos-de-entrega-o-env\u00edo-hay-disponibles?\" aria-expanded=\"false\" aria-controls=\"accordion-1477263308-content\">\n\t\t\t<button class=\"toggle\" aria-label=\"Toggle\"><i class=\"icon-angle-down\" aria-hidden=\"true\"><\/i><\/button>\n\t\t\t<span>\u00bfQu\u00e9 m\u00e9todos de entrega o env\u00edo hay disponibles?<\/span>\n\t\t<\/a>\n\t\t<div id=\"accordion-1477263308-content\" class=\"accordion-inner\" aria-labelledby=\"accordion-1477263308-label\">\n\t\t\t\n\n<p>Enviamos todos los pedidos a trav\u00e9s de un <strong>servicio de mensajer\u00eda privada<\/strong>. Una vez que vayas a realizar el pago de tu compra, deber\u00e1s<strong> indicar d\u00f3nde quieres recibir el pedido<\/strong> y el modo de env\u00edo y lo tendr\u00e1s en tu casa antes de que te des cuenta.<\/p>\n\n\t\t<\/div>\n\t<\/div>\n\t\n\t<div id=\"accordion-4000163106\" class=\"accordion-item\">\n\t\t<a id=\"accordion-4000163106-label\" class=\"accordion-title plain\" href=\"#accordion-item-\u00bfcuando-recibir\u00e9-mi-pedido?\" aria-expanded=\"false\" aria-controls=\"accordion-4000163106-content\">\n\t\t\t<button class=\"toggle\" aria-label=\"Toggle\"><i class=\"icon-angle-down\" aria-hidden=\"true\"><\/i><\/button>\n\t\t\t<span>\u00bfCuando recibir\u00e9 mi pedido?<\/span>\n\t\t<\/a>\n\t\t<div id=\"accordion-4000163106-content\" class=\"accordion-inner\" aria-labelledby=\"accordion-4000163106-label\">\n\t\t\t\n\n<p>Dependiendo del modo de env\u00edo que hayas elegido, tu pedido llegar\u00e1 en <strong>24 horas<\/strong> (env\u00edo urgente) o hasta las<strong> 72 horas<\/strong> posteriores a la compra (env\u00edo gratis). El reparto y env\u00edo de pedidos se hace cada d\u00eda a las 13:00 horas, por lo que te recomendamos <strong>hacer tu pedido antes de esa hora para recibirlo un d\u00eda antes<\/strong>. En el caso de que lo hayas hecho m\u00e1s tarde de esa hora, el pedido ser\u00e1 enviado a las 13:00 del d\u00eda siguiente, manteniendo el m\u00e9todo de entrega elegido. Ten en cuenta que los pedidos<strong> se env\u00edan de lunes a viernes<\/strong>, por lo que el s\u00e1bado y domingo (o festivos) no cuentan.<\/p>\n\n\t\t<\/div>\n\t<\/div>\n\t\n\t<div id=\"accordion-2208972004\" class=\"accordion-item\">\n\t\t<a id=\"accordion-2208972004-label\" class=\"accordion-title plain\" href=\"#accordion-item-\u00bfqu\u00e9-pasa-si-no,-por-lo-que-sea,-no-est\u00e1s-en-casa-para-recoger-el-pedido?\" aria-expanded=\"false\" aria-controls=\"accordion-2208972004-content\">\n\t\t\t<button class=\"toggle\" aria-label=\"Toggle\"><i class=\"icon-angle-down\" aria-hidden=\"true\"><\/i><\/button>\n\t\t\t<span>\u00bfQu\u00e9 pasa si no, por lo que sea, no est\u00e1s en casa para recoger el pedido?<\/span>\n\t\t<\/a>\n\t\t<div id=\"accordion-2208972004-content\" class=\"accordion-inner\" aria-labelledby=\"accordion-2208972004-label\">\n\t\t\t\n\n<p>En caso de que <strong>no haya nadie para recoger el pedido<\/strong> cuando vayan a entreg\u00e1rtelo, la empresa de mensajer\u00eda te avisar\u00e1 (normalmente al tel\u00e9fono que hayas incluido en tu cuenta de cliente) y har\u00e1 otro intento. Si tampoco hay nadie la segunda vez tendr\u00edas que<strong> ir a recogerlo a la delegaci\u00f3n de la empresa de mensajer\u00eda m\u00e1s cercana<\/strong> (all\u00ed estar\u00e1 durante<strong> 7 d\u00edas<\/strong> y, si no lo recoges, finalmente nos lo volver\u00edan a enviar a nosotros).<\/p>\n\n\t\t<\/div>\n\t<\/div>\n\t\n\t<div id=\"accordion-2189631829\" class=\"accordion-item\">\n\t\t<a id=\"accordion-2189631829-label\" class=\"accordion-title plain\" href=\"#accordion-item-\u00bfhac\u00e9is-env\u00edos-a-baleares,-canarias,-ceuta-o-melilla?\" aria-expanded=\"false\" aria-controls=\"accordion-2189631829-content\">\n\t\t\t<button class=\"toggle\" aria-label=\"Toggle\"><i class=\"icon-angle-down\" aria-hidden=\"true\"><\/i><\/button>\n\t\t\t<span>\u00bfHac\u00e9is env\u00edos a Baleares, Canarias, Ceuta o Melilla?<\/span>\n\t\t<\/a>\n\t\t<div id=\"accordion-2189631829-content\" class=\"accordion-inner\" aria-labelledby=\"accordion-2189631829-label\">\n\t\t\t\n\n<p>Los env\u00edos a <strong>Baleares<\/strong> tienen un coste extra de <strong>2,5\u20ac<\/strong> y a <strong>Canarias<\/strong> Mayores tienen un coste de<strong> 6,5\u20ac m\u00e1s gastos de gesti\u00f3n de la DUA<\/strong> (para env\u00edos inferiores a 30\u20ac). De 30\u20ac a 89\u20ac solo gastos de gesti\u00f3n de la DUA y libre de gastos para pedidos mayores de 89\u20ac. Por otro lado, actualmente no enviamos a Ceuta y Melilla.<\/p>\n\n\t\t<\/div>\n\t<\/div>\n\t\n\t<div id=\"accordion-1322118710\" class=\"accordion-item\">\n\t\t<a id=\"accordion-1322118710-label\" class=\"accordion-title plain\" href=\"#accordion-item-vivo-fuera-de-espa\u00f1a,-\u00bfhacen-env\u00edos-internacionales?\" aria-expanded=\"false\" aria-controls=\"accordion-1322118710-content\">\n\t\t\t<button class=\"toggle\" aria-label=\"Toggle\"><i class=\"icon-angle-down\" aria-hidden=\"true\"><\/i><\/button>\n\t\t\t<span>Vivo fuera de Espa\u00f1a, \u00bfhacen env\u00edos internacionales?<\/span>\n\t\t<\/a>\n\t\t<div id=\"accordion-1322118710-content\" class=\"accordion-inner\" aria-labelledby=\"accordion-1322118710-label\">\n\t\t\t\n\n<p>\u00a1Saludos desde Espa\u00f1a!&nbsp;S\u00ed, hacemos <strong>env\u00edos a cualquier pa\u00eds de la Uni\u00f3n Europea<\/strong>. Tan solo debes indicar la direcci\u00f3n de env\u00edo (y el pa\u00eds) en el momento de la compra y haremos un <strong>cargo extra por el env\u00edo<\/strong>.<\/p>\n\n\t\t<\/div>\n\t<\/div>\n\t\n\n<\/div>\n\n\t\t<\/div>\n\t\t\t\t\t<\/div>\n\n\t\n\n\n<style>\n#row-92330220 > .col > .col-inner {\n  padding: 0 0px 0px 0px;\n}\n<\/style>\n<\/div>\n\n\t\t<\/div>\n\n\t\t\n<style>\n#section_1686021124 {\n  padding-top: 0px;\n  padding-bottom: 0px;\n}\n<\/style>\n\t<\/section>\n\t\n\n\t<section class=\"section\" id=\"section_980769424\">\n\t\t<div class=\"section-bg fill\" >\n\t\t\t\t\t\t\t\t\t\n\t\t\t\n\n\t\t<\/div>\n\n\t\t\n\n\t\t<div class=\"section-content relative\">\n\t\t\t\n\n<div class=\"row\"  id=\"row-1841826824\">\n\n\n\t<div id=\"col-82297330\" class=\"col small-12 large-12\"  >\n\t\t\t\t<div class=\"col-inner\"  >\n\t\t\t\n\t\t\t\n\n<h2>Preguntas Frecuentes sobre <span style=\"color: #ab8b65;\">Pedidos<\/span><\/h2>\n<div class=\"is-divider divider clearfix\" style=\"margin-top:30px;margin-bottom:30px;max-width:100px;height:5px;background-color:rgb(171, 139, 101);\"><\/div>\n\n<div class=\"accordion\">\n\n\t<div id=\"accordion-3921838760\" class=\"accordion-item\">\n\t\t<a id=\"accordion-3921838760-label\" class=\"accordion-title plain\" href=\"#accordion-item-no-tengo-claro-qu\u00e9-productos-comprar-\u00bfme-ayud\u00e1is-a-elegirlos?\" aria-expanded=\"false\" aria-controls=\"accordion-3921838760-content\">\n\t\t\t<button class=\"toggle\" aria-label=\"Toggle\"><i class=\"icon-angle-down\" aria-hidden=\"true\"><\/i><\/button>\n\t\t\t<span>No tengo claro qu\u00e9 productos comprar \u00bfMe ayud\u00e1is a elegirlos?<\/span>\n\t\t<\/a>\n\t\t<div id=\"accordion-3921838760-content\" class=\"accordion-inner\" aria-labelledby=\"accordion-3921838760-label\">\n\t\t\t\n\n<p>\u00a1Claro que s\u00ed! Si hay algo que nos gusta es <strong>aconsejar el mejor producto en funci\u00f3n de cada necesidad<\/strong>, para que de esa forma quedes 100% satisfecho. Tenemos el chat disponible todas las ma\u00f1anas de lunes a viernes y, si no, puedes enviarnos un email a info@mensandbeauty.com a cualquier hora para que podamos atender tus dudas lo antes posible.<\/p>\n\n\t\t<\/div>\n\t<\/div>\n\t\n\t<div id=\"accordion-1341854130\" class=\"accordion-item\">\n\t\t<a id=\"accordion-1341854130-label\" class=\"accordion-title plain\" href=\"#accordion-item-\u00bfc\u00f3mo-puedo-hacer-una-devoluci\u00f3n?\" aria-expanded=\"false\" aria-controls=\"accordion-1341854130-content\">\n\t\t\t<button class=\"toggle\" aria-label=\"Toggle\"><i class=\"icon-angle-down\" aria-hidden=\"true\"><\/i><\/button>\n\t\t\t<span>\u00bfC\u00f3mo puedo hacer una devoluci\u00f3n?<\/span>\n\t\t<\/a>\n\t\t<div id=\"accordion-1341854130-content\" class=\"accordion-inner\" aria-labelledby=\"accordion-1341854130-label\">\n\t\t\t\n\n\u00a1Muy f\u00e1cil! Escr\u00edbenos un email a <a href=\"mailto:info@mensandbeauty.com\" rel=\"nofollow\">info@mensandbeauty.com<\/a>&nbsp;y <strong>gestionaremos contigo la devoluci\u00f3n<\/strong>&nbsp;(te recomendamos en cualquier caso leer nuestra <a href=\"https:\/\/mensandbeauty.com\/politicas\/de-devoluciones\" rel=\"nofollow\">pol\u00edtica de devoluciones<\/a>). Para cualquier otro asunto no relacionado con los pedidos, te atenderemos m\u00e1s r\u00e1pido a trav\u00e9s de&nbsp;<a href=\"https:\/\/mensandbeauty.com\/contacto\" target=\"_blank\" rel=\"nofollow noopener noreferrer\">nuestro formulario de contacto.<\/a>\n\n\t\t<\/div>\n\t<\/div>\n\t\n\t<div id=\"accordion-3233295704\" class=\"accordion-item\">\n\t\t<a id=\"accordion-3233295704-label\" class=\"accordion-title plain\" href=\"#accordion-item-\u00bfc\u00f3mo-hago-mi-pedido?\" aria-expanded=\"false\" aria-controls=\"accordion-3233295704-content\">\n\t\t\t<button class=\"toggle\" aria-label=\"Toggle\"><i class=\"icon-angle-down\" aria-hidden=\"true\"><\/i><\/button>\n\t\t\t<span>\u00bfC\u00f3mo hago mi pedido?<\/span>\n\t\t<\/a>\n\t\t<div id=\"accordion-3233295704-content\" class=\"accordion-inner\" aria-labelledby=\"accordion-3233295704-label\">\n\t\t\t\n\n<p>Dir\u00edgete a nuestra <a href=\"https:\/\/mensandbeauty.com\/tienda\/\" target=\"_blank\" rel=\"noopener noreferrer\">tienda<\/a>, a\u00f1ade los productos que te interesen al carrito y, en la parte superior derecha, haz click en el carrito y en \u00abFinalizar compra\u00bb y sigue los pasos para realiza el pedido.<\/p>\n\n\t\t<\/div>\n\t<\/div>\n\t\n\t<div id=\"accordion-1843758763\" class=\"accordion-item\">\n\t\t<a id=\"accordion-1843758763-label\" class=\"accordion-title plain\" href=\"#accordion-item-mi-cup\u00f3n-de-descuento-no-funciona,-\u00bfqu\u00e9-ocurre?\" aria-expanded=\"false\" aria-controls=\"accordion-1843758763-content\">\n\t\t\t<button class=\"toggle\" aria-label=\"Toggle\"><i class=\"icon-angle-down\" aria-hidden=\"true\"><\/i><\/button>\n\t\t\t<span>Mi cup\u00f3n de descuento no funciona, \u00bfQu\u00e9 ocurre?<\/span>\n\t\t<\/a>\n\t\t<div id=\"accordion-1843758763-content\" class=\"accordion-inner\" aria-labelledby=\"accordion-1843758763-label\">\n\t\t\t\n\n<p>Aseg\u00farate de que el cup\u00f3n <strong>no se ha usado antes<\/strong>, que no pones <strong>espacios delante o detr\u00e1s<\/strong> y que <strong>cumple las condiciones de uso<\/strong>. Tambi\u00e9n puede dar problemas si lo copias y pegas directamente, por lo que te recomendamos <strong>escribirlo manualmente<\/strong>. De todas formas, estamos a tu disposici\u00f3n en el chat, por email o por tel\u00e9fono para que nos consultes cualquier duda al respecto.<\/p>\n\n\t\t<\/div>\n\t<\/div>\n\t\n\t<div id=\"accordion-3158435920\" class=\"accordion-item\">\n\t\t<a id=\"accordion-3158435920-label\" class=\"accordion-title plain\" href=\"#accordion-item-\u00bfpuedo-rechazar-un-env\u00edo?\" aria-expanded=\"false\" aria-controls=\"accordion-3158435920-content\">\n\t\t\t<button class=\"toggle\" aria-label=\"Toggle\"><i class=\"icon-angle-down\" aria-hidden=\"true\"><\/i><\/button>\n\t\t\t<span>\u00bfPuedo rechazar un env\u00edo?<\/span>\n\t\t<\/a>\n\t\t<div id=\"accordion-3158435920-content\" class=\"accordion-inner\" aria-labelledby=\"accordion-3158435920-label\">\n\t\t\t\n\n<p>Si, <strong>puedes rechazar un env\u00edo en el momento de su entrega<\/strong>. Sin embargo, si no existe motivo alguno imputable a MensandBeauty para su rechazo deberemos <strong>restar los gastos de transporte<\/strong> de la cantidad que te reintegraremos.<\/p>\n\n\t\t<\/div>\n\t<\/div>\n\t\n\n<\/div>\n\n\t\t<\/div>\n\t\t\t\t\t<\/div>\n\n\t\n\n\n<style>\n#row-1841826824 > .col > .col-inner {\n  padding: 0 0px 0px 0px;\n}\n<\/style>\n<\/div>\n\n\t\t<\/div>\n\n\t\t\n<style>\n#section_980769424 {\n  padding-top: 0px;\n  padding-bottom: 0px;\n}\n<\/style>\n\t<\/section>\n\t\n\n\t<section class=\"section\" id=\"section_1468888729\">\n\t\t<div class=\"section-bg fill\" >\n\t\t\t\t\t\t\t\t\t\n\t\t\t\n\n\t\t<\/div>\n\n\t\t\n\n\t\t<div class=\"section-content relative\">\n\t\t\t\n\n<div class=\"row\"  id=\"row-149889513\">\n\n\n\t<div id=\"col-101384666\" class=\"col small-12 large-12\"  >\n\t\t\t\t<div class=\"col-inner\"  >\n\t\t\t\n\t\t\t\n\n<h2>Preguntas Frecuentes sobre <span style=\"color: #ab8b65;\">Pagos<\/span><\/h2>\n<div class=\"is-divider divider clearfix\" style=\"margin-top:30px;margin-bottom:30px;max-width:100px;height:5px;background-color:rgb(171, 139, 101);\"><\/div>\n\n<div class=\"accordion\">\n\n\t<div id=\"accordion-1973516344\" class=\"accordion-item\">\n\t\t<a id=\"accordion-1973516344-label\" class=\"accordion-title plain\" href=\"#accordion-item-\u00bftengo-que-pagar-iva?\" aria-expanded=\"false\" aria-controls=\"accordion-1973516344-content\">\n\t\t\t<button class=\"toggle\" aria-label=\"Toggle\"><i class=\"icon-angle-down\" aria-hidden=\"true\"><\/i><\/button>\n\t\t\t<span>\u00bfTengo que pagar IVA?<\/span>\n\t\t<\/a>\n\t\t<div id=\"accordion-1973516344-content\" class=\"accordion-inner\" aria-labelledby=\"accordion-1973516344-label\">\n\t\t\t\n\n<ul>\n<li><strong>Empresas espa\u00f1olas<\/strong>: IVA (21%) a parte de Canarias, Andorra, Ceuta y Melilla: IVA (0%)<\/li>\n<li><strong>Empresas europeas<\/strong>:\n<ul>\n<li>Operadores inter-comunitarios: IVA (0%)<\/li>\n<li>Operadores que no son inter-comunitarios (empresas no registradas): IVA (21%)<\/li>\n<\/ul>\n<\/li>\n<li><strong>Empresas fuera de Europa<\/strong>: IVA (0%)<\/li>\n<li><strong>Particulares<\/strong>: IVA (21%)<\/li>\n<\/ul>\n\n\t\t<\/div>\n\t<\/div>\n\t\n\t<div id=\"accordion-1029101321\" class=\"accordion-item\">\n\t\t<a id=\"accordion-1029101321-label\" class=\"accordion-title plain\" href=\"#accordion-item-\u00bfpor-qu\u00e9-ha-sido-denegado-mi-pago?\" aria-expanded=\"false\" aria-controls=\"accordion-1029101321-content\">\n\t\t\t<button class=\"toggle\" aria-label=\"Toggle\"><i class=\"icon-angle-down\" aria-hidden=\"true\"><\/i><\/button>\n\t\t\t<span>\u00bfPor qu\u00e9 ha sido denegado mi pago?<\/span>\n\t\t<\/a>\n\t\t<div id=\"accordion-1029101321-content\" class=\"accordion-inner\" aria-labelledby=\"accordion-1029101321-label\">\n\t\t\t\n\n<p>Hay varias razones por las que su pago puede ser rechazado:<\/p>\n<ul>\n<li>No hay suficiente <strong>dinero<\/strong> en su cuenta.<\/li>\n<li>Est\u00e1 haciendo un pedido desde <strong>un pa\u00eds donde no entregamos<\/strong>.<\/li>\n<li>Tu <strong>direcci\u00f3n IP<\/strong> podr\u00eda ser sospechosa.<\/li>\n<li>Tu<strong> tarjeta de cr\u00e9dito<\/strong> no est\u00e1 configurada para la compra online.<\/li>\n<\/ul>\n<p>Para obtener m\u00e1s informaci\u00f3n sobre los pagos rechazados, no dudes en <strong>ponerte en contacto con tu banco<\/strong> para obtener m\u00e1s informaci\u00f3n o <strong>con nuestro servicio de atenci\u00f3n al cliente<\/strong>.<\/p>\n\n\t\t<\/div>\n\t<\/div>\n\t\n\n<\/div>\n\n\t\t<\/div>\n\t\t\t\t\t<\/div>\n\n\t\n\n\n<style>\n#row-149889513 > .col > .col-inner {\n  padding: 0 0px 0px 0px;\n}\n<\/style>\n<\/div>\n\n\t\t<\/div>\n\n\t\t\n<style>\n#section_1468888729 {\n  padding-top: 0px;\n  padding-bottom: 0px;\n}\n<\/style>\n\t<\/section>\n\t\n\n\t<section class=\"section\" id=\"section_1180361726\">\n\t\t<div class=\"section-bg fill\" >\n\t\t\t\t\t\t\t\t\t\n\t\t\t\n\n\t\t<\/div>\n\n\t\t\n\n\t\t<div class=\"section-content relative\">\n\t\t\t\n\n<div class=\"row align-center\"  id=\"row-1628417093\">\n\n\n\t<div id=\"col-1457291937\" class=\"col small-6 large-12\"  >\n\t\t\t\t<div class=\"col-inner\"  >\n\t\t\t\n\t\t\t\n\n\n\t<section class=\"section\" id=\"section_301406324\">\n\t\t<div class=\"section-bg fill\" >\n\t\t\t\t\t\t\t\t\t\n\t\t\t\n\n\t\t<\/div>\n\n\t\t\n\n\t\t<div class=\"section-content relative\">\n\t\t\t\n\n<div class=\"row\"  id=\"row-1540927366\">\n\n\n\t<div id=\"col-1432601079\" class=\"col small-12 large-12\"  >\n\t\t\t\t<div class=\"col-inner\"  >\n\t\t\t\n\t\t\t\n\n<!-- FeedbackWP Plugin --><div        class=\"rmp-widgets-container rmp-wp-plugin rmp-main-container js-rmp-widgets-container js-rmp-widgets-container--5387 \"        data-post-id=\"5387\">        <!-- Rating widget -->    <div class=\"rmp-rating-widget js-rmp-rating-widget\" role=\"group\" aria-labelledby=\"rmp-title-5387\">                    <p class=\"rmp-heading rmp-heading--title\" id=\"rmp-title-5387\">                \u00bfTe ha gustado el contenido?            <\/p>                        <div class=\"rmp-rating-widget__icons\">            <ul class=\"rmp-rating-widget__icons-list js-rmp-rating-icons-list\" role=\"radiogroup\" aria-label=\"Rating from 1 to 5\">                                                        <li                            class=\"rmp-rating-widget__icons-list__icon js-rmp-rating-item\"                            data-descriptive-rating=\"\"                            data-value=\"1\"                            role=\"radio\"                            aria-checked=\"false\"                            aria-label=\"1 out of 5: \"                            tabindex=\"0\"                    >                        <i class=\"js-rmp-rating-icon rmp-icon rmp-icon--ratings rmp-icon--star rmp-icon--full-highlight\" aria-hidden=\"true\"><\/i>                    <\/li>                                                        <li                            class=\"rmp-rating-widget__icons-list__icon js-rmp-rating-item\"                            data-descriptive-rating=\"\"                            data-value=\"2\"                            role=\"radio\"                            aria-checked=\"false\"                            aria-label=\"2 out of 5: \"                            tabindex=\"-1\"                    >                        <i class=\"js-rmp-rating-icon rmp-icon rmp-icon--ratings rmp-icon--star rmp-icon--full-highlight\" aria-hidden=\"true\"><\/i>                    <\/li>                                                        <li                            class=\"rmp-rating-widget__icons-list__icon js-rmp-rating-item\"                            data-descriptive-rating=\"\"                            data-value=\"3\"                            role=\"radio\"                            aria-checked=\"false\"                            aria-label=\"3 out of 5: \"                            tabindex=\"-1\"                    >                        <i class=\"js-rmp-rating-icon rmp-icon rmp-icon--ratings rmp-icon--star rmp-icon--full-highlight\" aria-hidden=\"true\"><\/i>                    <\/li>                                                        <li                            class=\"rmp-rating-widget__icons-list__icon js-rmp-rating-item\"                            data-descriptive-rating=\"\"                            data-value=\"4\"                            role=\"radio\"                            aria-checked=\"false\"                            aria-label=\"4 out of 5: \"                            tabindex=\"-1\"                    >                        <i class=\"js-rmp-rating-icon rmp-icon rmp-icon--ratings rmp-icon--star rmp-icon--full-highlight\" aria-hidden=\"true\"><\/i>                    <\/li>                                                        <li                            class=\"rmp-rating-widget__icons-list__icon js-rmp-rating-item\"                            data-descriptive-rating=\"\"                            data-value=\"5\"                            role=\"radio\"                            aria-checked=\"false\"                            aria-label=\"5 out of 5: \"                            tabindex=\"-1\"                    >                        <i class=\"js-rmp-rating-icon rmp-icon rmp-icon--ratings rmp-icon--star rmp-icon--full-highlight\" aria-hidden=\"true\"><\/i>                    <\/li>                            <\/ul>        <\/div>        <p class=\"rmp-rating-widget__hover-text js-rmp-hover-text\" aria-live=\"polite\"><\/p>                <button class=\"rmp-rating-widget__submit-btn rmp-btn js-submit-rating-btn\">                    <\/button>        <div aria-live=\"polite\" aria-atomic=\"true\">            <p class=\"rmp-rating-widget__results js-rmp-results \">                Puntuaci\u00f3n media <span class=\"rmp-rating-widget__results__rating js-rmp-avg-rating\">5<\/span> \/ 5. Votos: <span class=\"rmp-rating-widget__results__votes js-rmp-vote-count\">62<\/span>            <\/p>            <p class=\"rmp-rating-widget__not-rated js-rmp-not-rated rmp-rating-widget__not-rated--hidden\">                \u00a1Todav\u00eda no hay votos! S\u00e9 el primero en valorar el contenido.            <\/p>            <p class=\"rmp-rating-widget__msg js-rmp-msg\" role=\"status\"><\/p>        <\/div>    <\/div>    <!--Structured data -->                <\/div>\n\n\t\t<\/div>\n\t\t\t\t\n<style>\n#col-1432601079 > .col-inner {\n  margin: 0px 0px -30px 0px;\n}\n<\/style>\n\t<\/div>\n\n\t\n\n<\/div>\n\n\t\t<\/div>\n\n\t\t\n<style>\n#section_301406324 {\n  padding-top: 0px;\n  padding-bottom: 0px;\n}\n<\/style>\n\t<\/section>\n\t\n\n\n\t\t<\/div>\n\t\t\t\t\t<\/div>\n\n\t\n\n<\/div>\n\n\t\t<\/div>\n\n\t\t\n<style>\n#section_1180361726 {\n  padding-top: 0px;\n  padding-bottom: 0px;\n}\n<\/style>\n\t<\/section>\n\t\n\n","protected":false},"excerpt":{"rendered":"","protected":false},"author":1,"featured_media":0,"parent":0,"menu_order":0,"comment_status":"closed","ping_status":"closed","template":"page-blank.php","meta":{"footnotes":""},"class_list":["post-5387","page","type-page","status-publish","hentry"],"jetpack_likes_enabled":true,"jetpack_sharing_enabled":true,"_links":{"self":[{"href":"https:\/\/mensandbeauty.com\/tienda\/wp-json\/wp\/v2\/pages\/5387","targetHints":{"allow":["GET"]}}],"collection":[{"href":"https:\/\/mensandbeauty.com\/tienda\/wp-json\/wp\/v2\/pages"}],"about":[{"href":"https:\/\/mensandbeauty.com\/tienda\/wp-json\/wp\/v2\/types\/page"}],"author":[{"embeddable":true,"href":"https:\/\/mensandbeauty.com\/tienda\/wp-json\/wp\/v2\/users\/1"}],"replies":[{"embeddable":true,"href":"https:\/\/mensandbeauty.com\/tienda\/wp-json\/wp\/v2\/comments?post=5387"}],"version-history":[{"count":0,"href":"https:\/\/mensandbeauty.com\/tienda\/wp-json\/wp\/v2\/pages\/5387\/revisions"}],"wp:attachment":[{"href":"https:\/\/mensandbeauty.com\/tienda\/wp-json\/wp\/v2\/media?parent=5387"}],"curies":[{"name":"wp","href":"https:\/\/api.w.org\/{rel}","templated":true}]}}