{"id":2906,"date":"2019-06-30T13:58:04","date_gmt":"2019-06-30T11:58:04","guid":{"rendered":"https:\/\/mensandbeauty.com\/tienda\/?page_id=2906"},"modified":"2021-08-29T11:21:46","modified_gmt":"2021-08-29T09:21:46","slug":"programas-fidelizacion","status":"publish","type":"page","link":"https:\/\/mensandbeauty.com\/tienda\/programas-fidelizacion\/","title":{"rendered":"Programas de Fidelizaci\u00f3n"},"content":{"rendered":"\n  <div id=\"page-header-1519895431\" class=\"page-header-wrapper\">\n  <div class=\"page-title dark featured-title\">\n\n    \n    <div class=\"page-title-inner container align-center text-center flex-row-col medium-flex-wrap\" >\n              <div class=\"title-wrapper flex-col\">\n          <h1 class=\"entry-title mb-0\">\n            Programas de Fidelizaci\u00f3n          <\/h1>\n        <\/div>\n                    <div class=\"title-content flex-col\">\n        <div class=\"title-breadcrumbs pb-half pt-half\"><nav class=\"woocommerce-breadcrumb breadcrumbs uppercase\" aria-label=\"Breadcrumb\">Inicio<\/nav><\/div>      <\/div>\n    <\/div>\n\n     \n<style>\n#page-header-1519895431 .page-title-inner {\n  min-height: 200px;\n}\n#page-header-1519895431 {\n  margin-bottom: 60px;\n}\n<\/style>\n  <\/div>\n    <\/div>\n  \n\n\n\t<section class=\"section\" id=\"section_1439558937\">\n\t\t<div class=\"section-bg fill\" >\n\t\t\t\t\t\t\t\t\t\n\t\t\t\n\n\t\t<\/div>\n\n\t\t\n\n\t\t<div class=\"section-content relative\">\n\t\t\t\n\n<div class=\"row\"  id=\"row-749346478\">\n\n\n\t<div id=\"col-1304540617\" class=\"col small-12 large-12\"  >\n\t\t\t\t<div class=\"col-inner\"  >\n\t\t\t\n\t\t\t\n\n<p>En MensandBeauty sabemos muy bien <strong>lo importantes que son nuestros clientes<\/strong>, pero es no es suficiente con decirlo \u00a1Hay que demostrarlo!. Tu fidelidad es algo que <strong>nos tomamos muy en serio<\/strong> y que nos cuesta mucho conseguir, por lo que invertimos mucho tiempo y dinero en poner a tu disposici\u00f3n un cat\u00e1logo de productos de belleza de calidad exclusivos para hombre, env\u00edos r\u00e1pidos (y gratuitos a partir de 40\u20ac) y pasarelas de pago 100% fiables y seguras. \u00a1Pero sigue sin ser suficiente! Por ello, hemos puesto en marcha varios <strong>programas de fidelizaci\u00f3n<\/strong> para premiar tu fidelidad y que encima <strong>ganes dinero<\/strong>.<\/p>\n\n\t\t<\/div>\n\t\t\t\t\t<\/div>\n\n\t\n\n\n<style>\n#row-749346478 > .col > .col-inner {\n  padding: 0 0px 0px 0px;\n}\n<\/style>\n<\/div>\n\n\t\t<\/div>\n\n\t\t\n<style>\n#section_1439558937 {\n  padding-top: 0px;\n  padding-bottom: 0px;\n}\n<\/style>\n\t<\/section>\n\t\n\n\t<section class=\"section\" id=\"section_1899504338\">\n\t\t<div class=\"section-bg fill\" >\n\t\t\t\t\t\t\t\t\t\n\t\t\t\n\n\t\t<\/div>\n\n\t\t\n\n\t\t<div class=\"section-content relative\">\n\t\t\t\n\n<div class=\"row\"  id=\"row-969799349\">\n\n\n\t<div id=\"col-1685456723\" class=\"col small-12 large-12\"  >\n\t\t\t\t<div class=\"col-inner\"  >\n\t\t\t\n\t\t\t\n\n<h2>Puntos de fidelidad<\/h2>\n<p>Nuestro <strong>programa de puntos de fidelidad<\/strong> es un premio a la fidelidad de nuestros clientes. <strong>Se activa de forma autom\u00e1tica<\/strong> despu\u00e9s de darte de alta y <strong>hacer una primera compra<\/strong> en nuestra <a href=\"https:\/\/mensandbeauty.com\/tienda\/\" target=\"_blank\" rel=\"noopener noreferrer\">tienda online de belleza<\/a> y, seg\u00fan el total del carrito que hayas pagado, acumulas los primeros puntos de fidelidad.&nbsp;Una vez que hayas obtenido puntos, cuando vayas a realizar tu siguiente compra <strong>podr\u00e1s canjearlos total o parcialmente<\/strong> (en cada compra, puedes elegir qu\u00e9 cantidad de puntos deseas gastar). Estos son algunos <strong>detalles a tener en cuenta<\/strong> en lo que a los puntos de fidelidad se refiere:<\/p>\n<p>\u2713 Adquieres puntos de fidelidad por <strong>registrarte<\/strong> (la primera vez), <strong>por cada pedido<\/strong> que realices, por <strong>dejar tu opini\u00f3n<\/strong> en los productos que hayas comprado y por <strong>cumplir a\u00f1os<\/strong> (s\u00ed, el d\u00eda de tu cumplea\u00f1os te regalaremos puntos).<\/p>\n<p>\u2713 Cuando realizas un pedido, los puntos de fidelidad que ganas equivalen a cada euro que gastas (<strong>cada euro que gastas equivale a 1 punto<\/strong>).<\/p>\n<p>\u2713 El <strong>n\u00famero de puntos que ganas por cada art\u00edculo<\/strong> de la tienda lo tienes <strong>encima del bot\u00f3n de \u00abA\u00f1adir al carrito\u00bb<\/strong> (los art\u00edculos que tienen \u00abopciones\u00bb no lo muestran hasta que elijas la opci\u00f3n deseada).<\/p>\n<p>\u2713 Por<strong> cada euro de compra acumulas 1 punto de fidelidad<\/strong> que puedes convertir en futuros descuentos cuando quieras (<strong>cada 50 puntos equivale a 1\u20ac<\/strong>). Por ejemplo, si el importe de tu pedido es <strong>100 \u20ac<\/strong>, acumulas<strong> 100 puntos<\/strong> que puedes transformar cuando quieras en un vale de <strong>2 \u20ac<\/strong> de descuento.<\/p>\n<p>\u2713 Los puntos de fidelidad tienen una<strong> caducidad de 6 meses desde la fecha de su creaci\u00f3n<\/strong>, no son acumulables con otros descuentos y <strong>son de un solo uso<\/strong>.<\/p>\n<p>\u2713 Los puntos de fidelidad son v\u00e1lidos para un <strong>pedido m\u00ednimo de 20 \u20ac <\/strong>y, en el caso de que decidas cancelar el pedido en el que ha utilizado los puntos antes de que el pedido sea enviado, los puntos <strong>no podr\u00e1n volver a utilizarse<\/strong>.<\/p>\n<p>\u2713 En el caso de que quieras hacer una <strong>devoluci\u00f3n<\/strong>, los puntos que hab\u00edas conseguido por las prendas devueltas ser\u00e1n <strong>restados de tu total de puntos de fidelidad<\/strong>.<\/p>\n\n\t\t<\/div>\n\t\t\t\t\t<\/div>\n\n\t\n\n\n<style>\n#row-969799349 > .col > .col-inner {\n  padding: 0 0px 0px 0px;\n}\n<\/style>\n<\/div>\n<div class=\"row\"  id=\"row-678521314\">\n\n\n\t<div id=\"col-1044480573\" class=\"col small-12 large-12\"  >\n\t\t\t\t<div class=\"col-inner\"  >\n\t\t\t\n\t\t\t\n\n<a href=\"https:\/\/mensandbeauty.com\/tienda\/\" target=\"_blank\" class=\"button primary is-xlarge expand\" rel=\"noopener\" >\n\t\t<span>\u25b7 Compra en la tienda y gana puntos<\/span>\n\t<\/a>\n\n\n\n\t\t<\/div>\n\t\t\t\t\t<\/div>\n\n\t\n\n<\/div>\n\n\t\t<\/div>\n\n\t\t\n<style>\n#section_1899504338 {\n  padding-top: 0px;\n  padding-bottom: 0px;\n}\n<\/style>\n\t<\/section>\n\t\n\n\t<section class=\"section\" id=\"section_600010841\">\n\t\t<div class=\"section-bg fill\" >\n\t\t\t\t\t\t\t\t\t\n\t\t\t\n\n\t\t<\/div>\n\n\t\t\n\n\t\t<div class=\"section-content relative\">\n\t\t\t\n\n<div class=\"row\"  id=\"row-1055629312\">\n\n\n\t<div id=\"col-922011785\" class=\"col small-12 large-12\"  >\n\t\t\t\t<div class=\"col-inner\"  >\n\t\t\t\n\t\t\t\n\n<h2>Afiliados<\/h2>\n<p>\u00a1Ay\u00fadanos a dar a conocer nuestra tienda de belleza y cuidado personal para hombre! Con este programa \u00a1ganamos todos! Si tienes un sitio web, perfil social o grupo de chat a cuyos usuarios les interesan las cremas, desodorantes, perfumes o cualquier tipo de producto de belleza y cuidado personal, <strong>puedes conseguir importantes comisiones sobre ventas realizadas por tus usuarios en nuestra tienda online<\/strong>. Convertirse en nuestro <strong>afiliado<\/strong> es la manera m\u00e1s r\u00e1pida y sencilla de generar ingresos y basta con que sigas unos pasos muy r\u00e1pidos y sencillos:<\/p>\n<p>\u2713 Haz click <a href=\"https:\/\/mensandbeauty.com\/tienda\/afiliados\" target=\"_blank\" rel=\"noopener noreferrer\">en este enlace<\/a> o en el bot\u00f3n que hay en la parte de abajo, <strong>d\u00e9janos tus datos<\/strong> y nos pondremos en contacto contigo en cuanto hayamos revisado tu solicitud.<\/p>\n<p>\u2713 Una vez que aprobemos tu solicitud, te daremos acceso a tu <strong>panel de control de afiliado<\/strong> donde podr\u00e1s copiar tu <strong>enlace de afiliado<\/strong> y <strong>ver la actividad que generes<\/strong>.<\/p>\n<p>\u2713 Asimismo dispondr\u00e1s de un acceso a un interfaz donde podr\u00e1s <strong>ver en cada momento todas las estad\u00edsticas<\/strong>: usuarios que has enviado, compras que han realizado y comisiones que has ganado.<\/p>\n<p>\u2713 Ofrecemos una<strong> comisi\u00f3n del 10% por venta<\/strong>, por lo que, si un referido tuyo hace un pedido de <strong>100\u20ac<\/strong> en la tienda, t\u00fa te llevas <strong>10\u20ac<\/strong>.<\/p>\n<p>\u2713<strong> Al final de cada mes<\/strong> recibir\u00e1s directamente en tu cuenta todas las comisiones generadas (es imprescindible tener una <a href=\"https:\/\/ignaciosantiago.com\/como-crear-cuenta-paypal\" target=\"_blank\" rel=\"noopener noreferrer\">cuenta de PayPal<\/a>),<\/p>\n\n\t\t<\/div>\n\t\t\t\t\t<\/div>\n\n\t\n\n\n<style>\n#row-1055629312 > .col > .col-inner {\n  padding: 0 0px 0px 0px;\n}\n<\/style>\n<\/div>\n<div class=\"row\"  id=\"row-1927480982\">\n\n\n\t<div id=\"col-1209825412\" class=\"col small-12 large-12\"  >\n\t\t\t\t<div class=\"col-inner\"  >\n\t\t\t\n\t\t\t\n\n<a href=\"https:\/\/mensandbeauty.com\/tienda\/afiliados\" target=\"_blank\" class=\"button primary is-xlarge expand\" rel=\"noopener\">\n\t\t<span>\u25b7 Reg\u00edstrate como afiliado<\/span>\n\t<\/a>\n\n\n\n\t\t<\/div>\n\t\t\t\t\t<\/div>\n\n\t\n\n<\/div>\n\n\t\t<\/div>\n\n\t\t\n<style>\n#section_600010841 {\n  padding-top: 0px;\n  padding-bottom: 0px;\n}\n<\/style>\n\t<\/section>\n\t\n\n\t<section class=\"section\" id=\"section_2050769902\">\n\t\t<div class=\"section-bg fill\" >\n\t\t\t\t\t\t\t\t\t\n\t\t\t\n\n\t\t<\/div>\n\n\t\t\n\n\t\t<div class=\"section-content relative\">\n\t\t\t\n\n<div class=\"row align-center\"  id=\"row-2128428150\">\n\n\n\t<div id=\"col-895478535\" class=\"col small-6 large-12\"  >\n\t\t\t\t<div class=\"col-inner\"  >\n\t\t\t\n\t\t\t\n\n\n\t<section class=\"section\" id=\"section_2099394687\">\n\t\t<div class=\"section-bg fill\" >\n\t\t\t\t\t\t\t\t\t\n\t\t\t\n\n\t\t<\/div>\n\n\t\t\n\n\t\t<div class=\"section-content relative\">\n\t\t\t\n\n<div class=\"row\"  id=\"row-638857871\">\n\n\n\t<div id=\"col-1732376652\" class=\"col small-12 large-12\"  >\n\t\t\t\t<div class=\"col-inner\"  >\n\t\t\t\n\t\t\t\n\n<!-- FeedbackWP Plugin --><div        class=\"rmp-widgets-container rmp-wp-plugin rmp-main-container js-rmp-widgets-container js-rmp-widgets-container--2906 \"        data-post-id=\"2906\">        <!-- Rating widget -->    <div class=\"rmp-rating-widget js-rmp-rating-widget\" role=\"group\" aria-labelledby=\"rmp-title-2906\">                    <p class=\"rmp-heading rmp-heading--title\" id=\"rmp-title-2906\">                \u00bfTe ha gustado el contenido?            <\/p>                        <div class=\"rmp-rating-widget__icons\">            <ul class=\"rmp-rating-widget__icons-list js-rmp-rating-icons-list\" role=\"radiogroup\" aria-label=\"Rating from 1 to 5\">                                                        <li                            class=\"rmp-rating-widget__icons-list__icon js-rmp-rating-item\"                            data-descriptive-rating=\"\"                            data-value=\"1\"                            role=\"radio\"                            aria-checked=\"false\"                            aria-label=\"1 out of 5: \"                            tabindex=\"0\"                    >                        <i class=\"js-rmp-rating-icon rmp-icon rmp-icon--ratings rmp-icon--star rmp-icon--full-highlight\" aria-hidden=\"true\"><\/i>                    <\/li>                                                        <li                            class=\"rmp-rating-widget__icons-list__icon js-rmp-rating-item\"                            data-descriptive-rating=\"\"                            data-value=\"2\"                            role=\"radio\"                            aria-checked=\"false\"                            aria-label=\"2 out of 5: \"                            tabindex=\"-1\"                    >                        <i class=\"js-rmp-rating-icon rmp-icon rmp-icon--ratings rmp-icon--star rmp-icon--full-highlight\" aria-hidden=\"true\"><\/i>                    <\/li>                                                        <li                            class=\"rmp-rating-widget__icons-list__icon js-rmp-rating-item\"                            data-descriptive-rating=\"\"                            data-value=\"3\"                            role=\"radio\"                            aria-checked=\"false\"                            aria-label=\"3 out of 5: \"                            tabindex=\"-1\"                    >                        <i class=\"js-rmp-rating-icon rmp-icon rmp-icon--ratings rmp-icon--star rmp-icon--full-highlight\" aria-hidden=\"true\"><\/i>                    <\/li>                                                        <li                            class=\"rmp-rating-widget__icons-list__icon js-rmp-rating-item\"                            data-descriptive-rating=\"\"                            data-value=\"4\"                            role=\"radio\"                            aria-checked=\"false\"                            aria-label=\"4 out of 5: \"                            tabindex=\"-1\"                    >                        <i class=\"js-rmp-rating-icon rmp-icon rmp-icon--ratings rmp-icon--star rmp-icon--full-highlight\" aria-hidden=\"true\"><\/i>                    <\/li>                                                        <li                            class=\"rmp-rating-widget__icons-list__icon js-rmp-rating-item\"                            data-descriptive-rating=\"\"                            data-value=\"5\"                            role=\"radio\"                            aria-checked=\"false\"                            aria-label=\"5 out of 5: \"                            tabindex=\"-1\"                    >                        <i class=\"js-rmp-rating-icon rmp-icon rmp-icon--ratings rmp-icon--star rmp-icon--full-highlight\" aria-hidden=\"true\"><\/i>                    <\/li>                            <\/ul>        <\/div>        <p class=\"rmp-rating-widget__hover-text js-rmp-hover-text\" aria-live=\"polite\"><\/p>                <button class=\"rmp-rating-widget__submit-btn rmp-btn js-submit-rating-btn\">                    <\/button>        <div aria-live=\"polite\" aria-atomic=\"true\">            <p class=\"rmp-rating-widget__results js-rmp-results \">                Puntuaci\u00f3n media <span class=\"rmp-rating-widget__results__rating js-rmp-avg-rating\">5<\/span> \/ 5. Votos: <span class=\"rmp-rating-widget__results__votes js-rmp-vote-count\">54<\/span>            <\/p>            <p class=\"rmp-rating-widget__not-rated js-rmp-not-rated rmp-rating-widget__not-rated--hidden\">                \u00a1Todav\u00eda no hay votos! S\u00e9 el primero en valorar el contenido.            <\/p>            <p class=\"rmp-rating-widget__msg js-rmp-msg\" role=\"status\"><\/p>        <\/div>    <\/div>    <!--Structured data -->                <\/div>\n\n\t\t<\/div>\n\t\t\t\t\n<style>\n#col-1732376652 > .col-inner {\n  margin: 0px 0px -30px 0px;\n}\n<\/style>\n\t<\/div>\n\n\t\n\n<\/div>\n\n\t\t<\/div>\n\n\t\t\n<style>\n#section_2099394687 {\n  padding-top: 0px;\n  padding-bottom: 0px;\n}\n<\/style>\n\t<\/section>\n\t\n\n\n\t\t<\/div>\n\t\t\t\t\t<\/div>\n\n\t\n\n<\/div>\n\n\t\t<\/div>\n\n\t\t\n<style>\n#section_2050769902 {\n  padding-top: 0px;\n  padding-bottom: 0px;\n}\n<\/style>\n\t<\/section>\n\t\n\n","protected":false},"excerpt":{"rendered":"","protected":false},"author":1,"featured_media":0,"parent":0,"menu_order":0,"comment_status":"closed","ping_status":"closed","template":"page-blank.php","meta":{"footnotes":""},"class_list":["post-2906","page","type-page","status-publish","hentry"],"jetpack_likes_enabled":true,"jetpack_sharing_enabled":true,"_links":{"self":[{"href":"https:\/\/mensandbeauty.com\/tienda\/wp-json\/wp\/v2\/pages\/2906","targetHints":{"allow":["GET"]}}],"collection":[{"href":"https:\/\/mensandbeauty.com\/tienda\/wp-json\/wp\/v2\/pages"}],"about":[{"href":"https:\/\/mensandbeauty.com\/tienda\/wp-json\/wp\/v2\/types\/page"}],"author":[{"embeddable":true,"href":"https:\/\/mensandbeauty.com\/tienda\/wp-json\/wp\/v2\/users\/1"}],"replies":[{"embeddable":true,"href":"https:\/\/mensandbeauty.com\/tienda\/wp-json\/wp\/v2\/comments?post=2906"}],"version-history":[{"count":0,"href":"https:\/\/mensandbeauty.com\/tienda\/wp-json\/wp\/v2\/pages\/2906\/revisions"}],"wp:attachment":[{"href":"https:\/\/mensandbeauty.com\/tienda\/wp-json\/wp\/v2\/media?parent=2906"}],"curies":[{"name":"wp","href":"https:\/\/api.w.org\/{rel}","templated":true}]}}